{"id":1083,"date":"2017-04-28T09:47:09","date_gmt":"2017-04-28T08:47:09","guid":{"rendered":"http:\/\/www.granviksforskola.se\/?page_id=1083"},"modified":"2025-12-17T15:33:32","modified_gmt":"2025-12-17T14:33:32","slug":"handlingsplaner","status":"publish","type":"page","link":"https:\/\/www.granviksforskola.se\/?page_id=1083","title":{"rendered":"Handlingsplaner"},"content":{"rendered":"<p><strong>Handlingsplaner<br \/><\/strong>P\u00e5 en f\u00f6rskola kan det uppst\u00e5 ov\u00e4ntade situationer och det som inte ska eller f\u00e5r h\u00e4nda h\u00e4nder. F\u00f6r att ge pedagogerna st\u00f6d och v\u00e4gledning vid dessa situationer har Granviks f\u00f6rskola utarbetat ett flertal handlingsplaner.<br \/>Med r\u00e4tt st\u00f6d och god f\u00f6rberedelse \u00e4r chansen st\u00f6rre att en krissituation hanteras kontrollerat och att farliga eller kr\u00e4nkande situationer undviks.<\/p>\n<p>Syftet med handlingsplanerna \u00e4r att:<br \/>Pedagogerna ska vara trygga i att det finns rutiner f\u00f6r hur man ska agera inf\u00f6r aktiviteter och n\u00e4r n\u00e5got of\u00f6rutsett intr\u00e4ffar.<\/p>\n<p>Nyanst\u00e4llda ska informeras om inneh\u00e5llet i f\u00f6rskolans alla handlingsplaner. Samtliga anst\u00e4llda p\u00e5 Granviks f\u00f6rskola ska f\u00f6lja handlingsplanerna.<\/p>\n<p>Revidering och uppdatering av handlingsplanerna sker en g\u00e5ng per \u00e5r.<br \/>N\u00e5gra av v\u00e5ra handlingsplaner kan du l\u00e4sa h\u00e4r:<br \/><a href=\"https:\/\/www.granviksforskola.se\/wp-content\/uploads\/2025\/12\/Plan-mot-krankande-behandling-Granviks-forskola-lasaret-2025-2026-2025-06-27.pdf\">Plan mot kr\u00e4nkande behandling<\/a><br \/><a href=\"https:\/\/www.granviksforskola.se\/wp-content\/uploads\/2025\/12\/Jamstalldhetsplan-for-Granviks-forskola-2025-2026.docx\">J\u00e4mst\u00e4lldhetsplan<\/a><br \/><a href=\"https:\/\/www.granviksforskola.se\/wp-content\/uploads\/2025\/09\/Forvantansdokument-Granviks-forskola-ht-25.pdf\">F\u00f6rv\u00e4ntansdokument<\/a><\/p>\n\n\n<p><\/p>\n","protected":false},"excerpt":{"rendered":"<p>HandlingsplanerP\u00e5 en f\u00f6rskola kan det uppst\u00e5 ov\u00e4ntade situationer och det som inte ska eller f\u00e5r h\u00e4nda h\u00e4nder. F\u00f6r att ge pedagogerna st\u00f6d och v\u00e4gledning vid dessa situationer har Granviks f\u00f6rskola utarbetat ett flertal handlingsplaner.Med r\u00e4tt st\u00f6d och god f\u00f6rberedelse \u00e4r chansen st\u00f6rre att en krissituation hanteras kontrollerat och att farliga eller kr\u00e4nkande situationer undviks. Syftet&hellip; <a class=\"more-link\" href=\"https:\/\/www.granviksforskola.se\/?page_id=1083\">Continue reading <span class=\"screen-reader-text\">Handlingsplaner<\/span><\/a><\/p>\n","protected":false},"author":1,"featured_media":0,"parent":0,"menu_order":0,"comment_status":"closed","ping_status":"closed","template":"","meta":{"footnotes":""},"class_list":["post-1083","page","type-page","status-publish","hentry","entry"],"_links":{"self":[{"href":"https:\/\/www.granviksforskola.se\/index.php?rest_route=\/wp\/v2\/pages\/1083"}],"collection":[{"href":"https:\/\/www.granviksforskola.se\/index.php?rest_route=\/wp\/v2\/pages"}],"about":[{"href":"https:\/\/www.granviksforskola.se\/index.php?rest_route=\/wp\/v2\/types\/page"}],"author":[{"embeddable":true,"href":"https:\/\/www.granviksforskola.se\/index.php?rest_route=\/wp\/v2\/users\/1"}],"replies":[{"embeddable":true,"href":"https:\/\/www.granviksforskola.se\/index.php?rest_route=%2Fwp%2Fv2%2Fcomments&post=1083"}],"version-history":[{"count":14,"href":"https:\/\/www.granviksforskola.se\/index.php?rest_route=\/wp\/v2\/pages\/1083\/revisions"}],"predecessor-version":[{"id":1553,"href":"https:\/\/www.granviksforskola.se\/index.php?rest_route=\/wp\/v2\/pages\/1083\/revisions\/1553"}],"wp:attachment":[{"href":"https:\/\/www.granviksforskola.se\/index.php?rest_route=%2Fwp%2Fv2%2Fmedia&parent=1083"}],"curies":[{"name":"wp","href":"https:\/\/api.w.org\/{rel}","templated":true}]}}