{"id":1145,"date":"2019-05-09T14:25:20","date_gmt":"2019-05-09T13:25:20","guid":{"rendered":"https:\/\/www.granviksforskola.se\/?page_id=1145"},"modified":"2024-09-06T13:10:53","modified_gmt":"2024-09-06T12:10:53","slug":"hallbar-utveckling","status":"publish","type":"page","link":"https:\/\/www.granviksforskola.se\/?page_id=1145","title":{"rendered":"H\u00e5llbar utveckling"},"content":{"rendered":"<p>Granviks f\u00f6rskola str\u00e4var efter att s\u00e5 l\u00e5ngt som m\u00f6jligt arbeta mot h\u00e5llbar utveckling. Vi anv\u00e4nder inte plastprodukter till varm mat och anv\u00e4nder rostfritt material till p\u00e5l\u00e4gg och bringare.<br \/>Vi har plastsanerat och bytt ut giftig plast, b\u00e5de p\u00e5 avdelningarna och i lekhallen. Vid alla nybest\u00e4llningar v\u00e4ljer vi medvetet giftfria produkter. F\u00f6rskolan deltar ocks\u00e5 i &#8220;H\u00e5ll Sverige rent&#8221;.<\/p>\n<p>Granviks f\u00f6rskola anv\u00e4nder sig av ekologiska och KRAV-m\u00e4rkta r\u00e5varor och matvaror. V\u00e5rt m\u00e5l att ha s\u00e5 stor andel ekologisk mat som m\u00f6jligt.<br \/>Alla mejeriprodukter \u00e4r ekologiska precis som frukt och gr\u00f6nt. \u00c4ven alla basvaror s\u00e5som exempelvis pasta, ris, cous cous, bulgur, linser och potatis. Vidare \u00e4r \u00e4gg, olja, fr\u00f6er, mj\u00f6l, krossade tomater och tomatpur\u00e9 ekologiskt. Det mesta av maten som serveras p\u00e5 Granvik \u00e4r tillagat fr\u00e5n grunden. Vi f\u00e5r bland annat hembakat br\u00f6d flera g\u00e5nger i veckan.<br \/>K\u00f6ket arbetar \u00e4ven aktivt med matsvinn.<\/p>\n\n\n<figure class=\"wp-block-gallery has-nested-images columns-default is-cropped wp-block-gallery-1 is-layout-flex wp-block-gallery-is-layout-flex\">\n<figure class=\"wp-block-image size-large is-style-rounded\"><a href=\"https:\/\/www.granviksforskola.se\/wp-content\/uploads\/2022\/08\/IMG_0004.jpg\" data-ob=\"lightbox[1145]\"><img decoding=\"async\" data-id=\"1203\" src=\"https:\/\/www.granviksforskola.se\/wp-content\/uploads\/2022\/08\/IMG_0004.jpg\" alt=\"\" class=\"wp-image-1203\"\/><\/a><\/figure>\n\n\n\n<figure class=\"wp-block-image size-large is-style-rounded\"><a href=\"https:\/\/www.granviksforskola.se\/wp-content\/uploads\/2024\/09\/paron-scaled.jpg\" data-ob=\"lightbox[1145]\"><img loading=\"lazy\" decoding=\"async\" width=\"1024\" height=\"683\" data-id=\"1433\" src=\"https:\/\/www.granviksforskola.se\/wp-content\/uploads\/2024\/09\/paron-1024x683.jpg\" alt=\"\" class=\"wp-image-1433\" srcset=\"https:\/\/www.granviksforskola.se\/wp-content\/uploads\/2024\/09\/paron-1024x683.jpg 1024w, https:\/\/www.granviksforskola.se\/wp-content\/uploads\/2024\/09\/paron-300x200.jpg 300w, https:\/\/www.granviksforskola.se\/wp-content\/uploads\/2024\/09\/paron-768x512.jpg 768w, https:\/\/www.granviksforskola.se\/wp-content\/uploads\/2024\/09\/paron-1536x1024.jpg 1536w, https:\/\/www.granviksforskola.se\/wp-content\/uploads\/2024\/09\/paron-2048x1365.jpg 2048w, https:\/\/www.granviksforskola.se\/wp-content\/uploads\/2024\/09\/paron-1568x1045.jpg 1568w\" sizes=\"(max-width: 1024px) 100vw, 1024px\" \/><\/a><\/figure>\n\n\n\n<figure class=\"wp-block-image size-large is-style-rounded\"><a href=\"https:\/\/www.granviksforskola.se\/wp-content\/uploads\/2024\/09\/blomma-scaled.jpg\" data-ob=\"lightbox[1145]\"><img loading=\"lazy\" decoding=\"async\" width=\"1024\" height=\"683\" data-id=\"1441\" src=\"https:\/\/www.granviksforskola.se\/wp-content\/uploads\/2024\/09\/blomma-1024x683.jpg\" alt=\"\" class=\"wp-image-1441\" srcset=\"https:\/\/www.granviksforskola.se\/wp-content\/uploads\/2024\/09\/blomma-1024x683.jpg 1024w, https:\/\/www.granviksforskola.se\/wp-content\/uploads\/2024\/09\/blomma-300x200.jpg 300w, https:\/\/www.granviksforskola.se\/wp-content\/uploads\/2024\/09\/blomma-768x512.jpg 768w, https:\/\/www.granviksforskola.se\/wp-content\/uploads\/2024\/09\/blomma-1536x1024.jpg 1536w, https:\/\/www.granviksforskola.se\/wp-content\/uploads\/2024\/09\/blomma-2048x1365.jpg 2048w, https:\/\/www.granviksforskola.se\/wp-content\/uploads\/2024\/09\/blomma-1568x1045.jpg 1568w\" sizes=\"(max-width: 1024px) 100vw, 1024px\" \/><\/a><\/figure>\n<\/figure>\n","protected":false},"excerpt":{"rendered":"<p>Granviks f\u00f6rskola str\u00e4var efter att s\u00e5 l\u00e5ngt som m\u00f6jligt arbeta mot h\u00e5llbar utveckling. Vi anv\u00e4nder inte plastprodukter till varm mat och anv\u00e4nder rostfritt material till p\u00e5l\u00e4gg och bringare.Vi har plastsanerat och bytt ut giftig plast, b\u00e5de p\u00e5 avdelningarna och i lekhallen. Vid alla nybest\u00e4llningar v\u00e4ljer vi medvetet giftfria produkter. F\u00f6rskolan deltar ocks\u00e5 i &#8220;H\u00e5ll Sverige&hellip; <a class=\"more-link\" href=\"https:\/\/www.granviksforskola.se\/?page_id=1145\">Continue reading <span class=\"screen-reader-text\">H\u00e5llbar utveckling<\/span><\/a><\/p>\n","protected":false},"author":1,"featured_media":0,"parent":51,"menu_order":0,"comment_status":"closed","ping_status":"closed","template":"","meta":{"footnotes":""},"class_list":["post-1145","page","type-page","status-publish","hentry","entry"],"_links":{"self":[{"href":"https:\/\/www.granviksforskola.se\/index.php?rest_route=\/wp\/v2\/pages\/1145"}],"collection":[{"href":"https:\/\/www.granviksforskola.se\/index.php?rest_route=\/wp\/v2\/pages"}],"about":[{"href":"https:\/\/www.granviksforskola.se\/index.php?rest_route=\/wp\/v2\/types\/page"}],"author":[{"embeddable":true,"href":"https:\/\/www.granviksforskola.se\/index.php?rest_route=\/wp\/v2\/users\/1"}],"replies":[{"embeddable":true,"href":"https:\/\/www.granviksforskola.se\/index.php?rest_route=%2Fwp%2Fv2%2Fcomments&post=1145"}],"version-history":[{"count":9,"href":"https:\/\/www.granviksforskola.se\/index.php?rest_route=\/wp\/v2\/pages\/1145\/revisions"}],"predecessor-version":[{"id":1494,"href":"https:\/\/www.granviksforskola.se\/index.php?rest_route=\/wp\/v2\/pages\/1145\/revisions\/1494"}],"up":[{"embeddable":true,"href":"https:\/\/www.granviksforskola.se\/index.php?rest_route=\/wp\/v2\/pages\/51"}],"wp:attachment":[{"href":"https:\/\/www.granviksforskola.se\/index.php?rest_route=%2Fwp%2Fv2%2Fmedia&parent=1145"}],"curies":[{"name":"wp","href":"https:\/\/api.w.org\/{rel}","templated":true}]}}