{"id":117,"date":"2010-12-06T23:17:14","date_gmt":"2010-12-06T22:17:14","guid":{"rendered":"http:\/\/www.granviksforskola.se\/?page_id=117"},"modified":"2024-09-06T09:07:34","modified_gmt":"2024-09-06T08:07:34","slug":"verksamhet","status":"publish","type":"page","link":"https:\/\/www.granviksforskola.se\/?page_id=117","title":{"rendered":"Organisation"},"content":{"rendered":"<p>Granviks f\u00f6rskola drivs som ett personalkooperativ och \u00e4r en ekonomisk f\u00f6rening utan vinstsyfte. Ledningsgruppen\/styrelsen best\u00e5r av valda av kooperativet. Cirka h\u00e4lften av styrelsen kan v\u00e4ljas om varje \u00e5r. Syftet \u00e4r att st\u00e4rka medlemmarna i kooperativets demokratiska p\u00e5verkan. F\u00f6rskolan har en rektor som \u00e4r ytterst ansvarig f\u00f6r barnens utbildning, personalens arbetsmilj\u00f6 samt att skollagen och \u00f6vriga styrdokument f\u00f6ljs.<\/p>\n<p>Det finns fem avdelningar p\u00e5 f\u00f6rskolan, alla har \u00e5ldersblandade grupper. Avdelningarna heter: Tussilagon, Solrosen, Bl\u00e5klockan, Pr\u00e4stkragen och Vallmon. P\u00e5 varje avdelning g\u00e5r mellan 18-20 barn och det jobbar 3 pedagoger.<\/p>\n","protected":false},"excerpt":{"rendered":"<p>Granviks f\u00f6rskola drivs som ett personalkooperativ och \u00e4r en ekonomisk f\u00f6rening utan vinstsyfte. Ledningsgruppen\/styrelsen best\u00e5r av valda av kooperativet. Cirka h\u00e4lften av styrelsen kan v\u00e4ljas om varje \u00e5r. Syftet \u00e4r att st\u00e4rka medlemmarna i kooperativets demokratiska p\u00e5verkan. F\u00f6rskolan har en rektor som \u00e4r ytterst ansvarig f\u00f6r barnens utbildning, personalens arbetsmilj\u00f6 samt att skollagen och \u00f6vriga&hellip; <a class=\"more-link\" href=\"https:\/\/www.granviksforskola.se\/?page_id=117\">Continue reading <span class=\"screen-reader-text\">Organisation<\/span><\/a><\/p>\n","protected":false},"author":1,"featured_media":0,"parent":51,"menu_order":0,"comment_status":"closed","ping_status":"closed","template":"","meta":{"footnotes":""},"class_list":["post-117","page","type-page","status-publish","hentry","entry"],"_links":{"self":[{"href":"https:\/\/www.granviksforskola.se\/index.php?rest_route=\/wp\/v2\/pages\/117"}],"collection":[{"href":"https:\/\/www.granviksforskola.se\/index.php?rest_route=\/wp\/v2\/pages"}],"about":[{"href":"https:\/\/www.granviksforskola.se\/index.php?rest_route=\/wp\/v2\/types\/page"}],"author":[{"embeddable":true,"href":"https:\/\/www.granviksforskola.se\/index.php?rest_route=\/wp\/v2\/users\/1"}],"replies":[{"embeddable":true,"href":"https:\/\/www.granviksforskola.se\/index.php?rest_route=%2Fwp%2Fv2%2Fcomments&post=117"}],"version-history":[{"count":37,"href":"https:\/\/www.granviksforskola.se\/index.php?rest_route=\/wp\/v2\/pages\/117\/revisions"}],"predecessor-version":[{"id":1429,"href":"https:\/\/www.granviksforskola.se\/index.php?rest_route=\/wp\/v2\/pages\/117\/revisions\/1429"}],"up":[{"embeddable":true,"href":"https:\/\/www.granviksforskola.se\/index.php?rest_route=\/wp\/v2\/pages\/51"}],"wp:attachment":[{"href":"https:\/\/www.granviksforskola.se\/index.php?rest_route=%2Fwp%2Fv2%2Fmedia&parent=117"}],"curies":[{"name":"wp","href":"https:\/\/api.w.org\/{rel}","templated":true}]}}