{"id":1305,"date":"2023-10-21T06:40:09","date_gmt":"2023-10-21T05:40:09","guid":{"rendered":"https:\/\/www.granviksforskola.se\/?page_id=1305"},"modified":"2024-08-28T13:47:13","modified_gmt":"2024-08-28T12:47:13","slug":"ansokan-om-plats","status":"publish","type":"page","link":"https:\/\/www.granviksforskola.se\/?page_id=1305","title":{"rendered":"ANS\u00d6KAN OM PLATS"},"content":{"rendered":"\n\r\n        \r\n\r\n                <form class=\"wpuf-form-add weforms-1274  wpuf-style\" action=\"\" method=\"post\"   id=\"\">\r\n\r\n            <ul class=\"wpuf-form form-label-above\">\r\n\r\n                        <li class=\"wpuf-el section_break_4\" data-label=\"Ans\u00f6kan om barnomsorgsplats\">\r\n            <div class=\"wpuf-section-wrap wpuf-fields section_1274 wpuf_section_break_4_1274\" data-style=\"wpuf-style\">\r\n                <h2 class=\"wpuf-section-title\">Ans\u00f6kan om barnomsorgsplats<\/h2>\r\n                <div class=\"wpuf-section-details\">Formul\u00e4r f\u00f6r ans\u00f6kan om barnomsorgsplats p\u00e5 Granviks f\u00f6rskola i H\u00f6llviken, Vellinge kommun.<\/div>\r\n            <\/div>\r\n\r\n        <\/li>\r\n                <li class=\"wpuf-el barnet\" data-label=\"Barnet\">\r\n            <div class=\"wpuf-section-wrap wpuf-fields section_1274 wpuf_barnet_1274\" data-style=\"wpuf-style\">\r\n                <h2 class=\"wpuf-section-title\">Barnet<\/h2>\r\n                <div class=\"wpuf-section-details\"><\/div>\r\n            <\/div>\r\n\r\n        <\/li>\r\n                <li class=\"wpuf-el barnets_namn field-size-large\" data-label=\"Barnets namn\">\r\n                    <div class=\"wpuf-label\">\r\n            <label for=\"barnets_namn_1274\">Barnets namn <span class=\"required\">*<\/span><\/label>\r\n        <\/div>\r\n        \r\n            <div class=\"wpuf-fields\">\r\n                <input\r\n                    class=\"textfield wpuf_barnets_namn_1274\"\r\n                    id=\"barnets_namn_1274\"\r\n                    type=\"text\"\r\n                    data-duplicate=\"no\"\r\n                    data-required=\"yes\"\r\n                    data-type=\"text\" name=\"barnets_namn\"\r\n                    placeholder=\"\"\r\n                    value=\"\"\r\n                    size=\"40\"\r\n                    data-style=\"wpuf-style\"\r\n                \/>\r\n\r\n                <span class=\"wpuf-wordlimit-message wpuf-help\"><\/span>\r\n                            <\/div>\r\n                    <\/li>\r\n                <li class=\"wpuf-el barnets_personnummer field-size-large\" data-label=\"Barnets personnummer\">\r\n                    <div class=\"wpuf-label\">\r\n            <label for=\"barnets_personnummer_1274\">Barnets personnummer<\/label>\r\n        <\/div>\r\n        \r\n            <div class=\"wpuf-fields\">\r\n                <input\r\n                    class=\"textfield wpuf_barnets_personnummer_1274\"\r\n                    id=\"barnets_personnummer_1274\"\r\n                    type=\"text\"\r\n                    data-duplicate=\"no\"\r\n                    data-required=\"no\"\r\n                    data-type=\"text\" name=\"barnets_personnummer\"\r\n                    placeholder=\"\"\r\n                    value=\"\"\r\n                    size=\"40\"\r\n                    data-style=\"wpuf-style\"\r\n                \/>\r\n\r\n                <span class=\"wpuf-wordlimit-message wpuf-help\"><\/span>\r\n                            <\/div>\r\n                    <\/li>\r\n                <li class=\"wpuf-el barnets_hemadress field-size-large\" data-label=\"Barnets hemadress\">\r\n                    <div class=\"wpuf-label\">\r\n            <label for=\"barnets_hemadress_1274\">Barnets hemadress <span class=\"required\">*<\/span><\/label>\r\n        <\/div>\r\n        \r\n            <div class=\"wpuf-fields\">\r\n                <input\r\n                    class=\"textfield wpuf_barnets_hemadress_1274\"\r\n                    id=\"barnets_hemadress_1274\"\r\n                    type=\"text\"\r\n                    data-duplicate=\"no\"\r\n                    data-required=\"yes\"\r\n                    data-type=\"text\" name=\"barnets_hemadress\"\r\n                    placeholder=\"\"\r\n                    value=\"\"\r\n                    size=\"40\"\r\n                    data-style=\"wpuf-style\"\r\n                \/>\r\n\r\n                <span class=\"wpuf-wordlimit-message wpuf-help\"><\/span>\r\n                            <\/div>\r\n                    <\/li>\r\n                <li class=\"wpuf-el vardnadshavare1\" data-label=\"V\u00e5rdnadshavare 1\">\r\n            <div class=\"wpuf-section-wrap wpuf-fields section_1274 wpuf_vardnadshavare1_1274\" data-style=\"wpuf-style\">\r\n                <h2 class=\"wpuf-section-title\">V\u00e5rdnadshavare 1<\/h2>\r\n                <div class=\"wpuf-section-details\"><\/div>\r\n            <\/div>\r\n\r\n        <\/li>\r\n                <li class=\"wpuf-el namn field-size-large\" data-label=\"Namn\">\r\n                    <div class=\"wpuf-label\">\r\n            <label for=\"namn_1274\">Namn <span class=\"required\">*<\/span><\/label>\r\n        <\/div>\r\n        \r\n            <div class=\"wpuf-fields\">\r\n                <input\r\n                    class=\"textfield wpuf_namn_1274\"\r\n                    id=\"namn_1274\"\r\n                    type=\"text\"\r\n                    data-duplicate=\"no\"\r\n                    data-required=\"yes\"\r\n                    data-type=\"text\" name=\"namn\"\r\n                    placeholder=\"\"\r\n                    value=\"\"\r\n                    size=\"40\"\r\n                    data-style=\"wpuf-style\"\r\n                \/>\r\n\r\n                <span class=\"wpuf-wordlimit-message wpuf-help\"><\/span>\r\n                            <\/div>\r\n                    <\/li>\r\n                <li class=\"wpuf-el personnummer field-size-large\" data-label=\"Personnummer\">\r\n                    <div class=\"wpuf-label\">\r\n            <label for=\"personnummer_1274\">Personnummer<\/label>\r\n        <\/div>\r\n        \r\n            <div class=\"wpuf-fields\">\r\n                <input\r\n                    class=\"textfield wpuf_personnummer_1274\"\r\n                    id=\"personnummer_1274\"\r\n                    type=\"text\"\r\n                    data-duplicate=\"no\"\r\n                    data-required=\"no\"\r\n                    data-type=\"text\" name=\"personnummer\"\r\n                    placeholder=\"\"\r\n                    value=\"\"\r\n                    size=\"40\"\r\n                    data-style=\"wpuf-style\"\r\n                \/>\r\n\r\n                <span class=\"wpuf-wordlimit-message wpuf-help\"><\/span>\r\n                            <\/div>\r\n                    <\/li>\r\n                <li class=\"wpuf-el hemadress field-size-large\" data-label=\"Hemadress\">\r\n                    <div class=\"wpuf-label\">\r\n            <label for=\"hemadress_1274\">Hemadress <span class=\"required\">*<\/span><\/label>\r\n        <\/div>\r\n        \r\n            <div class=\"wpuf-fields\">\r\n                <input\r\n                    class=\"textfield wpuf_hemadress_1274\"\r\n                    id=\"hemadress_1274\"\r\n                    type=\"text\"\r\n                    data-duplicate=\"no\"\r\n                    data-required=\"yes\"\r\n                    data-type=\"text\" name=\"hemadress\"\r\n                    placeholder=\"\"\r\n                    value=\"\"\r\n                    size=\"40\"\r\n                    data-style=\"wpuf-style\"\r\n                \/>\r\n\r\n                <span class=\"wpuf-wordlimit-message wpuf-help\"><\/span>\r\n                            <\/div>\r\n                    <\/li>\r\n                <li class=\"wpuf-el telefonnummer field-size-large\" data-label=\"Telefonnummer\">\r\n                    <div class=\"wpuf-label\">\r\n            <label for=\"telefonnummer_1274\">Telefonnummer <span class=\"required\">*<\/span><\/label>\r\n        <\/div>\r\n        \r\n            <div class=\"wpuf-fields\">\r\n                <input\r\n                    class=\"textfield wpuf_telefonnummer_1274\"\r\n                    id=\"telefonnummer_1274\"\r\n                    type=\"text\"\r\n                    data-duplicate=\"no\"\r\n                    data-required=\"yes\"\r\n                    data-type=\"text\" name=\"telefonnummer\"\r\n                    placeholder=\"\"\r\n                    value=\"\"\r\n                    size=\"40\"\r\n                    data-style=\"wpuf-style\"\r\n                \/>\r\n\r\n                <span class=\"wpuf-wordlimit-message wpuf-help\"><\/span>\r\n                            <\/div>\r\n                    <\/li>\r\n                <li class=\"wpuf-el email_address_1 field-size-large\" data-label=\"Email Address\">\r\n                    <div class=\"wpuf-label\">\r\n            <label for=\"email_address_1_1274\">Email Address <span class=\"required\">*<\/span><\/label>\r\n        <\/div>\r\n        \r\n            <div class=\"wpuf-fields\">\r\n                <input\r\n                    id=\"email_address_1_1274\"\r\n                    type=\"email\"\r\n                    class=\"email  wpuf_email_address_1_1274\"\r\n                    data-duplicate=\"\"\r\n                    data-required=\"yes\"\r\n                    data-type=\"email\"\r\n                    data-style=\"wpuf-style\"\r\n                    name=\"email_address_1\"\r\n                    placeholder=\"\"\r\n                    value=\"\"\r\n                    size=\"40\"\r\n                    autocomplete=\"email\"\r\n                \/>\r\n                            <\/div>\r\n        <\/li>\r\n                <li class=\"wpuf-el vardnadshavare2\" data-label=\"V\u00e5rdnadshavare 2\">\r\n            <div class=\"wpuf-section-wrap wpuf-fields section_1274 wpuf_vardnadshavare2_1274\" data-style=\"wpuf-style\">\r\n                <h2 class=\"wpuf-section-title\">V\u00e5rdnadshavare 2<\/h2>\r\n                <div class=\"wpuf-section-details\"><\/div>\r\n            <\/div>\r\n\r\n        <\/li>\r\n                <li class=\"wpuf-el namn field-size-large\" data-label=\"Namn\">\r\n                    <div class=\"wpuf-label\">\r\n            <label for=\"namn_1274\">Namn<\/label>\r\n        <\/div>\r\n        \r\n            <div class=\"wpuf-fields\">\r\n                <input\r\n                    class=\"textfield wpuf_namn_1274\"\r\n                    id=\"namn_1274\"\r\n                    type=\"text\"\r\n                    data-duplicate=\"no\"\r\n                    data-required=\"no\"\r\n                    data-type=\"text\" name=\"namn\"\r\n                    placeholder=\"\"\r\n                    value=\"\"\r\n                    size=\"40\"\r\n                    data-style=\"wpuf-style\"\r\n                \/>\r\n\r\n                <span class=\"wpuf-wordlimit-message wpuf-help\"><\/span>\r\n                            <\/div>\r\n                    <\/li>\r\n                <li class=\"wpuf-el personnummer field-size-large\" data-label=\"Personnummer\">\r\n                    <div class=\"wpuf-label\">\r\n            <label for=\"personnummer_1274\">Personnummer<\/label>\r\n        <\/div>\r\n        \r\n            <div class=\"wpuf-fields\">\r\n                <input\r\n                    class=\"textfield wpuf_personnummer_1274\"\r\n                    id=\"personnummer_1274\"\r\n                    type=\"text\"\r\n                    data-duplicate=\"no\"\r\n                    data-required=\"no\"\r\n                    data-type=\"text\" name=\"personnummer\"\r\n                    placeholder=\"\"\r\n                    value=\"\"\r\n                    size=\"40\"\r\n                    data-style=\"wpuf-style\"\r\n                \/>\r\n\r\n                <span class=\"wpuf-wordlimit-message wpuf-help\"><\/span>\r\n                            <\/div>\r\n                    <\/li>\r\n                <li class=\"wpuf-el hemadress field-size-large\" data-label=\"Hemadress\">\r\n                    <div class=\"wpuf-label\">\r\n            <label for=\"hemadress_1274\">Hemadress<\/label>\r\n        <\/div>\r\n        \r\n            <div class=\"wpuf-fields\">\r\n                <input\r\n                    class=\"textfield wpuf_hemadress_1274\"\r\n                    id=\"hemadress_1274\"\r\n                    type=\"text\"\r\n                    data-duplicate=\"no\"\r\n                    data-required=\"no\"\r\n                    data-type=\"text\" name=\"hemadress\"\r\n                    placeholder=\"\"\r\n                    value=\"\"\r\n                    size=\"40\"\r\n                    data-style=\"wpuf-style\"\r\n                \/>\r\n\r\n                <span class=\"wpuf-wordlimit-message wpuf-help\"><\/span>\r\n                            <\/div>\r\n                    <\/li>\r\n                <li class=\"wpuf-el telefonnummer field-size-large\" data-label=\"Telefonnummer\">\r\n                    <div class=\"wpuf-label\">\r\n            <label for=\"telefonnummer_1274\">Telefonnummer<\/label>\r\n        <\/div>\r\n        \r\n            <div class=\"wpuf-fields\">\r\n                <input\r\n                    class=\"textfield wpuf_telefonnummer_1274\"\r\n                    id=\"telefonnummer_1274\"\r\n                    type=\"text\"\r\n                    data-duplicate=\"no\"\r\n                    data-required=\"no\"\r\n                    data-type=\"text\" name=\"telefonnummer\"\r\n                    placeholder=\"\"\r\n                    value=\"\"\r\n                    size=\"40\"\r\n                    data-style=\"wpuf-style\"\r\n                \/>\r\n\r\n                <span class=\"wpuf-wordlimit-message wpuf-help\"><\/span>\r\n                            <\/div>\r\n                    <\/li>\r\n                <li class=\"wpuf-el email_address field-size-large\" data-label=\"Email Address\">\r\n                    <div class=\"wpuf-label\">\r\n            <label for=\"email_address_1274\">Email Address<\/label>\r\n        <\/div>\r\n        \r\n            <div class=\"wpuf-fields\">\r\n                <input\r\n                    id=\"email_address_1274\"\r\n                    type=\"email\"\r\n                    class=\"email  wpuf_email_address_1274\"\r\n                    data-duplicate=\"\"\r\n                    data-required=\"no\"\r\n                    data-type=\"email\"\r\n                    data-style=\"wpuf-style\"\r\n                    name=\"email_address\"\r\n                    placeholder=\"\"\r\n                    value=\"\"\r\n                    size=\"40\"\r\n                    autocomplete=\"email\"\r\n                \/>\r\n                            <\/div>\r\n        <\/li>\r\n                <li class=\"wpuf-el section_break_3\" data-label=\"\u00d6vrigt\">\r\n            <div class=\"wpuf-section-wrap wpuf-fields section_1274 wpuf_section_break_3_1274\" data-style=\"wpuf-style\">\r\n                <h2 class=\"wpuf-section-title\">\u00d6vrigt<\/h2>\r\n                <div class=\"wpuf-section-details\"><\/div>\r\n            <\/div>\r\n\r\n        <\/li>\r\n                <li class=\"wpuf-el plats__nskas_fr_n field-size-large\" data-label=\"Plats \u00f6nskas fr\u00e5n\">\r\n                    <div class=\"wpuf-label\">\r\n            <label for=\"plats__nskas_fr_n_0\">Plats \u00f6nskas fr\u00e5n <span class=\"required\">*<\/span><\/label>\r\n        <\/div>\r\n        \r\n            <div class=\"wpuf-fields\">\r\n                <input\r\n                    id=\"wpuf-date-plats__nskas_fr_n\"\r\n                    type=\"text\"\r\n                                        class=\"datepicker  wpuf_plats__nskas_fr_n_1274\"\r\n                    data-required=\"yes\"\r\n                    data-type=\"text\"\r\n                    data-style=\"wpuf-style\"\r\n                    name=\"plats__nskas_fr_n\"\r\n                    placeholder=\"dd\/mm\/yy\"\r\n                    value=\"\"\r\n                    size=\"30\"\r\n                \/>\r\n                            <\/div>\r\n        <\/li>\r\n                <li class=\"wpuf-el barnet_har_syskon_p__f_rskolan field-size-large\" data-label=\"Barnet har syskon p\u00e5 f\u00f6rskolan\">\n                    <div class=\"wpuf-label\">\r\n            <label for=\"barnet_har_syskon_p__f_rskolan_1274\">Barnet har syskon p\u00e5 f\u00f6rskolan<\/label>\r\n        <\/div>\r\n        \n                        <div class=\"wpuf-fields\" data-required=\"no\" data-type=\"radio\">\n\n                                        <label class=\"wpuf-checkbox-block\">\n                            <input type=\"checkbox\" class=\"wpuf_barnet_har_syskon_p__f_rskolan_1274\" name=\"barnet_har_syskon_p__f_rskolan[]\" value=\"ja\" \/>\n                            Ja                        <\/label>\n                        \n                \n            <\/div>\n        <\/li>\n                <li class=\"wpuf-el vid_svaret_ja__ange_avdelning_ field-size-large\" data-label=\"Vid svaret Ja, ange avdelning:\">\r\n                    <div class=\"wpuf-label\">\r\n            <label for=\"vid_svaret_ja__ange_avdelning__1274\">Vid svaret Ja, ange avdelning:<\/label>\r\n        <\/div>\r\n        \r\n            <div class=\"wpuf-fields\">\r\n                <input\r\n                    class=\"textfield wpuf_vid_svaret_ja__ange_avdelning__1274\"\r\n                    id=\"vid_svaret_ja__ange_avdelning__1274\"\r\n                    type=\"text\"\r\n                    data-duplicate=\"no\"\r\n                    data-required=\"no\"\r\n                    data-type=\"text\" name=\"vid_svaret_ja__ange_avdelning_\"\r\n                    placeholder=\"\"\r\n                    value=\"\"\r\n                    size=\"40\"\r\n                    data-style=\"wpuf-style\"\r\n                \/>\r\n\r\n                <span class=\"wpuf-wordlimit-message wpuf-help\"><\/span>\r\n                            <\/div>\r\n                    <\/li>\r\n                <li class=\"wpuf-el jag__r_bosatt_i_annan_kommun_men_ska_flytta_inom_4_m_nader field-size-large\" data-label=\"Jag \u00e4r bosatt i annan kommun men ska flytta inom 4 m\u00e5nader\">\n                    <div class=\"wpuf-label\">\r\n            <label for=\"jag__r_bosatt_i_annan_kommun_men_ska_flytta_inom_4_m_nader_1274\">Jag \u00e4r bosatt i annan kommun men ska flytta inom 4 m\u00e5nader<\/label>\r\n        <\/div>\r\n        \n                        <div class=\"wpuf-fields\" data-required=\"no\" data-type=\"radio\">\n\n                                        <label class=\"wpuf-checkbox-block\">\n                            <input type=\"checkbox\" class=\"wpuf_jag__r_bosatt_i_annan_kommun_men_ska_flytta_inom_4_m_nader_1274\" name=\"jag__r_bosatt_i_annan_kommun_men_ska_flytta_inom_4_m_nader[]\" value=\"ja,_jag_mailar_hyres-_eller_k\u00f6pekontrakt_som_styrker_flytt_till_vellinge_kommun_till_info@granviksforskola.se\" \/>\n                            Ja, Jag mailar hyres- eller k\u00f6pekontrakt som styrker flytt till Vellinge kommun till info@granviksforskola.se                        <\/label>\n                        \n                \n            <\/div>\n        <\/li>\n                <li class=\"wpuf-el _vrigt_ field-size-large\" data-label=\"\u00d6vrigt:\">\r\n                    <div class=\"wpuf-label\">\r\n            <label for=\"_vrigt__1274\">\u00d6vrigt:<\/label>\r\n        <\/div>\r\n        \r\n            <div class=\"wpuf-fields\">\r\n                <input\r\n                    class=\"textfield wpuf__vrigt__1274\"\r\n                    id=\"_vrigt__1274\"\r\n                    type=\"text\"\r\n                    data-duplicate=\"no\"\r\n                    data-required=\"no\"\r\n                    data-type=\"text\" name=\"_vrigt_\"\r\n                    placeholder=\"\"\r\n                    value=\"\"\r\n                    size=\"40\"\r\n                    data-style=\"wpuf-style\"\r\n                \/>\r\n\r\n                <span class=\"wpuf-wordlimit-message wpuf-help\"><\/span>\r\n                            <\/div>\r\n                    <\/li>\r\n                <li class=\"wpuf-el dagens_datum field-size-large\" data-label=\"Dagens datum\">\r\n                    <div class=\"wpuf-label\">\r\n            <label for=\"dagens_datum_0\">Dagens datum<\/label>\r\n        <\/div>\r\n        \r\n            <div class=\"wpuf-fields\">\r\n                <input\r\n                    id=\"wpuf-date-dagens_datum\"\r\n                    type=\"text\"\r\n                                        class=\"datepicker  wpuf_dagens_datum_1274\"\r\n                    data-required=\"no\"\r\n                    data-type=\"text\"\r\n                    data-style=\"wpuf-style\"\r\n                    name=\"dagens_datum\"\r\n                    placeholder=\"dd\/mm\/yy\"\r\n                    value=\"\"\r\n                    size=\"30\"\r\n                \/>\r\n                            <\/div>\r\n        <\/li>\r\n                <li class=\"wpuf-submit\">\r\n            <div class=\"wpuf-label\">\r\n                &nbsp;\r\n            <\/div>\r\n\r\n            <input type=\"hidden\" id=\"_wpnonce\" name=\"_wpnonce\" value=\"35ef51b818\" \/><input type=\"hidden\" name=\"_wp_http_referer\" value=\"\/index.php?rest_route=%2Fwp%2Fv2%2Fpages%2F1305\" \/>\r\n            <input type=\"hidden\" name=\"form_id\" value=\"1274\">\r\n            <input type=\"hidden\" name=\"page_id\" value=\"1305\">\r\n            <input type=\"hidden\" name=\"action\" value=\"weforms_frontend_submit\">\r\n\r\n                            <input type=\"hidden\" name=\"weforms-front-report\" value=\"no\">\r\n            \r\n            \r\n                            <input type=\"submit\" class=\"weforms_submit_btn wpuf_submit_1274\" name=\"submit\" value=\"Skicka in\" \/>\r\n                    <\/li>\r\n                <\/ul>\r\n\r\n        <\/form>\r\n                \n","protected":false},"excerpt":{"rendered":"","protected":false},"author":1,"featured_media":0,"parent":0,"menu_order":0,"comment_status":"closed","ping_status":"closed","template":"","meta":{"footnotes":""},"class_list":["post-1305","page","type-page","status-publish","hentry","entry"],"_links":{"self":[{"href":"https:\/\/www.granviksforskola.se\/index.php?rest_route=\/wp\/v2\/pages\/1305"}],"collection":[{"href":"https:\/\/www.granviksforskola.se\/index.php?rest_route=\/wp\/v2\/pages"}],"about":[{"href":"https:\/\/www.granviksforskola.se\/index.php?rest_route=\/wp\/v2\/types\/page"}],"author":[{"embeddable":true,"href":"https:\/\/www.granviksforskola.se\/index.php?rest_route=\/wp\/v2\/users\/1"}],"replies":[{"embeddable":true,"href":"https:\/\/www.granviksforskola.se\/index.php?rest_route=%2Fwp%2Fv2%2Fcomments&post=1305"}],"version-history":[{"count":2,"href":"https:\/\/www.granviksforskola.se\/index.php?rest_route=\/wp\/v2\/pages\/1305\/revisions"}],"predecessor-version":[{"id":1310,"href":"https:\/\/www.granviksforskola.se\/index.php?rest_route=\/wp\/v2\/pages\/1305\/revisions\/1310"}],"wp:attachment":[{"href":"https:\/\/www.granviksforskola.se\/index.php?rest_route=%2Fwp%2Fv2%2Fmedia&parent=1305"}],"curies":[{"name":"wp","href":"https:\/\/api.w.org\/{rel}","templated":true}]}}