{"id":1405,"date":"2024-09-06T08:00:18","date_gmt":"2024-09-06T07:00:18","guid":{"rendered":"https:\/\/www.granviksforskola.se\/?page_id=1405"},"modified":"2024-09-30T14:37:35","modified_gmt":"2024-09-30T13:37:35","slug":"inskolning","status":"publish","type":"page","link":"https:\/\/www.granviksforskola.se\/?page_id=1405","title":{"rendered":"Inskolning"},"content":{"rendered":"\n<p>V\u00e4lkommen till Granviks f\u00f6rskola!&nbsp;<\/p>\n\n\n\n<p>V\u00e5ra inskolningsmetoder baseras p\u00e5 bepr\u00f6vad erfarenhet och vetenskaplig grund och \u00e4r framtagna f\u00f6r att barnet ska hinna knyta an till en ny vuxen och ha en trygg famn att s\u00f6ka tr\u00f6st hos n\u00e4r det \u00e4r dags f\u00f6r v\u00e5rdnadshavaren att b\u00f6rja l\u00e4mna. F\u00f6r barnets b\u00e4sta anv\u00e4nder vi metoden tv\u00e5 veckors inskolning i samverkan med v\u00e5rdnadshavare.\u00a0 Bra att k\u00e4nna till \u00e4r att barnen sover utomhus i sina egna vagnar och att v\u00e5rdnadshavarna st\u00e5r f\u00f6r barnets bl\u00f6jor.\u00a0<br><a href=\"https:\/\/www.granviksforskola.se\/?page_id=1305\">H\u00e4r ans\u00f6ker du om plats.<\/a><\/p>\n\n\n\n<p><strong>F\u00f6re inskolningen<\/strong><br>Innan inskolningen b\u00f6rjar bjuder vi in till en \u201dh\u00e4lsa p\u00e5\u201d-dag d\u00e4r du och ditt barn f\u00e5r tr\u00e4ffa personalen, de andra barnen och titta p\u00e5 lokalerna. Vi erbjuder ocks\u00e5 bes\u00f6k redan innan du st\u00e4llt sig i k\u00f6, d\u00e5 tr\u00e4ffar ni v\u00e5r rektor Christina som visar runt och ber\u00e4ttar om v\u00e5r f\u00f6rskola.&nbsp;<\/p>\n\n\n\n<p><strong>F\u00f6rsta dagen<\/strong><br>F\u00f6rsta dagen p\u00e5 inskolningen bes\u00f6ker ni oss i cirka en timme. Efter detta ut\u00f6kas tiden successivt enligt ett schema som du f\u00e5r vid inskolningens start. Under inskolningens f\u00f6rsta dagar \u00e4r du n\u00e4ra ditt barn tillsammans med den pedagog som skolar in. D\u00e5 passar vi p\u00e5 att fr\u00e5ga dig om ditt barn, om allergier, om sovvanor och informerar om v\u00e5ra riktlinjer och metoder.&nbsp;<\/p>\n\n\n\n<p><strong>Att l\u00e4mna<\/strong><br>N\u00e4r barnet b\u00f6rjar bli tryggt med pedagogerna \u00e4r det dags f\u00f6r v\u00e5rdnadshavaren att g\u00e5 ifr\u00e5n kortare stunder. Vi l\u00e4gger stor vikt vid att du som v\u00e5rdnadshavare och ditt barn ska k\u00e4nna trygghet och vi kommunicerar med dig under inskolningens g\u00e5ng hur inskolningen ska fortskrida. Under inskolningens andra vecka f\u00e5r barnet b\u00f6rja \u00e4ta och sova p\u00e5 f\u00f6rskolan.&nbsp;&nbsp;<\/p>\n\n\n\n<p><strong>Tips<\/strong><br>Tips f\u00f6r dig som ska skola in ditt barn p\u00e5 f\u00f6rskolan f\u00f6r f\u00f6rsta g\u00e5ngen:&nbsp;<\/p>\n\n\n\n<ul class=\"wp-block-list\">\n<li>Kom och h\u00e4lsa p\u00e5! Vi v\u00e4lkomnar alltid bes\u00f6k f\u00f6r att du och ditt barn ska k\u00e4nna er s\u00e5 trygga som m\u00f6jligt.&nbsp;<\/li>\n<\/ul>\n\n\n\n<ul class=\"wp-block-list\">\n<li>Visa ditt barn att du \u00e4r trygg och litar p\u00e5 personalen, p\u00e5 s\u00e5 vis st\u00e4rker du barnets tilltro till f\u00f6rskolan.&nbsp;&nbsp;<\/li>\n<\/ul>\n\n\n\n<ul class=\"wp-block-list\">\n<li>Fr\u00e5ga om s\u00e5dant du \u00e4r os\u00e4ker p\u00e5, vi svarar g\u00e4rna p\u00e5 alla fr\u00e5gor du kan t\u00e4nkas ha.&nbsp;<\/li>\n<\/ul>\n\n\n\n<ul class=\"wp-block-list\">\n<li>Vi har skolat in hundratals barn och vet att varje barn \u00e4r unikt. Vi \u00e4r experter p\u00e5 att individanpassa och att l\u00e5ta barnet f\u00e5 trygghet och gl\u00e4dje av f\u00f6rskolevistelsen.&nbsp;<\/li>\n<\/ul>\n\n\n\n<ul class=\"wp-block-list\">\n<li>Om du vill bes\u00f6ka f\u00f6rskolan eller har andra fr\u00e5gor kan du ta kontakt med v\u00e5r rektor Christina Karlmander. Kontaktuppgifter hittar du <a href=\"https:\/\/www.granviksforskola.se\/?page_id=323\">h\u00e4r<\/a>.\u00a0<\/li>\n<\/ul>\n\n\n\n<figure class=\"wp-block-image size-large is-style-rounded\"><a href=\"https:\/\/www.granviksforskola.se\/wp-content\/uploads\/2024\/09\/sittandebarn-scaled.jpg\" data-ob=\"lightbox[1405]\"><img loading=\"lazy\" decoding=\"async\" width=\"1024\" height=\"683\" src=\"https:\/\/www.granviksforskola.se\/wp-content\/uploads\/2024\/09\/sittandebarn-1024x683.jpg\" alt=\"\" class=\"wp-image-1434\" srcset=\"https:\/\/www.granviksforskola.se\/wp-content\/uploads\/2024\/09\/sittandebarn-1024x683.jpg 1024w, https:\/\/www.granviksforskola.se\/wp-content\/uploads\/2024\/09\/sittandebarn-300x200.jpg 300w, https:\/\/www.granviksforskola.se\/wp-content\/uploads\/2024\/09\/sittandebarn-768x512.jpg 768w, https:\/\/www.granviksforskola.se\/wp-content\/uploads\/2024\/09\/sittandebarn-1536x1024.jpg 1536w, https:\/\/www.granviksforskola.se\/wp-content\/uploads\/2024\/09\/sittandebarn-2048x1365.jpg 2048w, https:\/\/www.granviksforskola.se\/wp-content\/uploads\/2024\/09\/sittandebarn-1568x1045.jpg 1568w\" sizes=\"(max-width: 1024px) 100vw, 1024px\" \/><\/a><\/figure>\n","protected":false},"excerpt":{"rendered":"<p>V\u00e4lkommen till Granviks f\u00f6rskola!&nbsp; V\u00e5ra inskolningsmetoder baseras p\u00e5 bepr\u00f6vad erfarenhet och vetenskaplig grund och \u00e4r framtagna f\u00f6r att barnet ska hinna knyta an till en ny vuxen och ha en trygg famn att s\u00f6ka tr\u00f6st hos n\u00e4r det \u00e4r dags f\u00f6r v\u00e5rdnadshavaren att b\u00f6rja l\u00e4mna. F\u00f6r barnets b\u00e4sta anv\u00e4nder vi metoden tv\u00e5 veckors inskolning i&hellip; <a class=\"more-link\" href=\"https:\/\/www.granviksforskola.se\/?page_id=1405\">Continue reading <span class=\"screen-reader-text\">Inskolning<\/span><\/a><\/p>\n","protected":false},"author":1,"featured_media":1436,"parent":0,"menu_order":0,"comment_status":"closed","ping_status":"closed","template":"","meta":{"footnotes":""},"class_list":["post-1405","page","type-page","status-publish","has-post-thumbnail","hentry","entry"],"_links":{"self":[{"href":"https:\/\/www.granviksforskola.se\/index.php?rest_route=\/wp\/v2\/pages\/1405"}],"collection":[{"href":"https:\/\/www.granviksforskola.se\/index.php?rest_route=\/wp\/v2\/pages"}],"about":[{"href":"https:\/\/www.granviksforskola.se\/index.php?rest_route=\/wp\/v2\/types\/page"}],"author":[{"embeddable":true,"href":"https:\/\/www.granviksforskola.se\/index.php?rest_route=\/wp\/v2\/users\/1"}],"replies":[{"embeddable":true,"href":"https:\/\/www.granviksforskola.se\/index.php?rest_route=%2Fwp%2Fv2%2Fcomments&post=1405"}],"version-history":[{"count":6,"href":"https:\/\/www.granviksforskola.se\/index.php?rest_route=\/wp\/v2\/pages\/1405\/revisions"}],"predecessor-version":[{"id":1535,"href":"https:\/\/www.granviksforskola.se\/index.php?rest_route=\/wp\/v2\/pages\/1405\/revisions\/1535"}],"wp:featuredmedia":[{"embeddable":true,"href":"https:\/\/www.granviksforskola.se\/index.php?rest_route=\/wp\/v2\/media\/1436"}],"wp:attachment":[{"href":"https:\/\/www.granviksforskola.se\/index.php?rest_route=%2Fwp%2Fv2%2Fmedia&parent=1405"}],"curies":[{"name":"wp","href":"https:\/\/api.w.org\/{rel}","templated":true}]}}