{"id":1411,"date":"2024-09-06T08:03:59","date_gmt":"2024-09-06T07:03:59","guid":{"rendered":"https:\/\/www.granviksforskola.se\/?page_id=1411"},"modified":"2024-09-06T11:53:03","modified_gmt":"2024-09-06T10:53:03","slug":"tydliggorande-pedagogik","status":"publish","type":"page","link":"https:\/\/www.granviksforskola.se\/?page_id=1411","title":{"rendered":"Tydligg\u00f6rande pedagogik"},"content":{"rendered":"\n<p><strong>Spr\u00e5kutvecklande arbetss\u00e4tt och tydligg\u00f6rande pedagogik.&nbsp;<\/strong><\/p>\n\n\n\n<p>F\u00f6rskolans pedagoger anv\u00e4nder bildst\u00f6d och teckenkommunikation (TAKK) f\u00f6r att st\u00e4rka alla barns spr\u00e5kutveckling och m\u00f6jlighet att kommunicera.&nbsp;&nbsp;<\/p>\n\n\n\n<figure class=\"wp-block-gallery has-nested-images columns-default is-cropped wp-block-gallery-1 is-layout-flex wp-block-gallery-is-layout-flex\">\n<figure class=\"wp-block-image size-large is-style-rounded\"><a href=\"https:\/\/www.granviksforskola.se\/wp-content\/uploads\/2024\/09\/mat-scaled.jpg\" data-ob=\"lightbox[1411]\"><img loading=\"lazy\" decoding=\"async\" width=\"1024\" height=\"849\" data-id=\"1454\" src=\"https:\/\/www.granviksforskola.se\/wp-content\/uploads\/2024\/09\/mat-1024x849.jpg\" alt=\"\" class=\"wp-image-1454\" srcset=\"https:\/\/www.granviksforskola.se\/wp-content\/uploads\/2024\/09\/mat-1024x849.jpg 1024w, https:\/\/www.granviksforskola.se\/wp-content\/uploads\/2024\/09\/mat-300x249.jpg 300w, https:\/\/www.granviksforskola.se\/wp-content\/uploads\/2024\/09\/mat-768x637.jpg 768w, https:\/\/www.granviksforskola.se\/wp-content\/uploads\/2024\/09\/mat-1536x1274.jpg 1536w, https:\/\/www.granviksforskola.se\/wp-content\/uploads\/2024\/09\/mat-2048x1699.jpg 2048w, https:\/\/www.granviksforskola.se\/wp-content\/uploads\/2024\/09\/mat-1568x1301.jpg 1568w\" sizes=\"(max-width: 1024px) 100vw, 1024px\" \/><\/a><\/figure>\n\n\n\n<figure class=\"wp-block-image size-large is-style-rounded\"><a href=\"https:\/\/www.granviksforskola.se\/wp-content\/uploads\/2024\/09\/dagsschema-scaled.jpg\" data-ob=\"lightbox[1411]\"><img loading=\"lazy\" decoding=\"async\" width=\"1024\" height=\"683\" data-id=\"1453\" src=\"https:\/\/www.granviksforskola.se\/wp-content\/uploads\/2024\/09\/dagsschema-1024x683.jpg\" alt=\"\" class=\"wp-image-1453\" srcset=\"https:\/\/www.granviksforskola.se\/wp-content\/uploads\/2024\/09\/dagsschema-1024x683.jpg 1024w, https:\/\/www.granviksforskola.se\/wp-content\/uploads\/2024\/09\/dagsschema-300x200.jpg 300w, https:\/\/www.granviksforskola.se\/wp-content\/uploads\/2024\/09\/dagsschema-768x512.jpg 768w, https:\/\/www.granviksforskola.se\/wp-content\/uploads\/2024\/09\/dagsschema-1536x1024.jpg 1536w, https:\/\/www.granviksforskola.se\/wp-content\/uploads\/2024\/09\/dagsschema-2048x1365.jpg 2048w, https:\/\/www.granviksforskola.se\/wp-content\/uploads\/2024\/09\/dagsschema-1568x1045.jpg 1568w\" sizes=\"(max-width: 1024px) 100vw, 1024px\" \/><\/a><\/figure>\n\n\n\n<figure class=\"wp-block-image size-large is-style-rounded\"><a href=\"https:\/\/www.granviksforskola.se\/wp-content\/uploads\/2024\/09\/bokhylla-scaled.jpg\" data-ob=\"lightbox[1411]\"><img loading=\"lazy\" decoding=\"async\" width=\"1024\" height=\"683\" data-id=\"1451\" src=\"https:\/\/www.granviksforskola.se\/wp-content\/uploads\/2024\/09\/bokhylla-1024x683.jpg\" alt=\"\" class=\"wp-image-1451\" srcset=\"https:\/\/www.granviksforskola.se\/wp-content\/uploads\/2024\/09\/bokhylla-1024x683.jpg 1024w, https:\/\/www.granviksforskola.se\/wp-content\/uploads\/2024\/09\/bokhylla-300x200.jpg 300w, https:\/\/www.granviksforskola.se\/wp-content\/uploads\/2024\/09\/bokhylla-768x512.jpg 768w, https:\/\/www.granviksforskola.se\/wp-content\/uploads\/2024\/09\/bokhylla-1536x1024.jpg 1536w, https:\/\/www.granviksforskola.se\/wp-content\/uploads\/2024\/09\/bokhylla-2048x1365.jpg 2048w, https:\/\/www.granviksforskola.se\/wp-content\/uploads\/2024\/09\/bokhylla-1568x1045.jpg 1568w\" sizes=\"(max-width: 1024px) 100vw, 1024px\" \/><\/a><\/figure>\n<\/figure>\n","protected":false},"excerpt":{"rendered":"<p>Spr\u00e5kutvecklande arbetss\u00e4tt och tydligg\u00f6rande pedagogik.&nbsp; F\u00f6rskolans pedagoger anv\u00e4nder bildst\u00f6d och teckenkommunikation (TAKK) f\u00f6r att st\u00e4rka alla barns spr\u00e5kutveckling och m\u00f6jlighet att kommunicera.&nbsp;&nbsp;<\/p>\n","protected":false},"author":1,"featured_media":0,"parent":0,"menu_order":0,"comment_status":"closed","ping_status":"closed","template":"","meta":{"footnotes":""},"class_list":["post-1411","page","type-page","status-publish","hentry","entry"],"_links":{"self":[{"href":"https:\/\/www.granviksforskola.se\/index.php?rest_route=\/wp\/v2\/pages\/1411"}],"collection":[{"href":"https:\/\/www.granviksforskola.se\/index.php?rest_route=\/wp\/v2\/pages"}],"about":[{"href":"https:\/\/www.granviksforskola.se\/index.php?rest_route=\/wp\/v2\/types\/page"}],"author":[{"embeddable":true,"href":"https:\/\/www.granviksforskola.se\/index.php?rest_route=\/wp\/v2\/users\/1"}],"replies":[{"embeddable":true,"href":"https:\/\/www.granviksforskola.se\/index.php?rest_route=%2Fwp%2Fv2%2Fcomments&post=1411"}],"version-history":[{"count":2,"href":"https:\/\/www.granviksforskola.se\/index.php?rest_route=\/wp\/v2\/pages\/1411\/revisions"}],"predecessor-version":[{"id":1465,"href":"https:\/\/www.granviksforskola.se\/index.php?rest_route=\/wp\/v2\/pages\/1411\/revisions\/1465"}],"wp:attachment":[{"href":"https:\/\/www.granviksforskola.se\/index.php?rest_route=%2Fwp%2Fv2%2Fmedia&parent=1411"}],"curies":[{"name":"wp","href":"https:\/\/api.w.org\/{rel}","templated":true}]}}