{"id":1509,"date":"2024-09-06T14:01:54","date_gmt":"2024-09-06T13:01:54","guid":{"rendered":"https:\/\/www.granviksforskola.se\/?page_id=1509"},"modified":"2024-09-06T14:01:55","modified_gmt":"2024-09-06T13:01:55","slug":"alla-barns-ratt","status":"publish","type":"page","link":"https:\/\/www.granviksforskola.se\/?page_id=1509","title":{"rendered":"Alla barns r\u00e4tt"},"content":{"rendered":"\n<p>Barnkonventionen \u00e4r lag i Sverige och p\u00e5 Granviks f\u00f6rskola arbetar vi st\u00e4ndigt med att uppm\u00e4rksamma alla barns r\u00e4ttigheter.\u00a0Detta g\u00f6r vi genom: barnr\u00e5d, trygghetsvandringar samt\u00a0genom att lyssna in barnens fr\u00e5gor och intressen i den dagliga undervisningen.<\/p>\n\n\n\n<p>P\u00e5 Granviks f\u00f6rskola arbetar vi aktivt och systematiskt med j\u00e4mst\u00e4lldhet och likabehandling. Dessa fr\u00e5gor \u00e4r st\u00e4ndigt aktuella och synligg\u00f6rs genom v\u00e5ra egenutformade styrdokument (l\u00e4nk) samt i v\u00e5ra planerings- och dokumentationsmallar. F\u00f6rskolan har en h\u00f6gskoleutbildad genuspedagog som regelbundet h\u00e5ller i vidareutbildningar inom fr\u00e5gor som r\u00f6r j\u00e4mst\u00e4lldhet, genus, normkritik och likabehandling.\u00a0\u00a0<\/p>\n","protected":false},"excerpt":{"rendered":"<p>Barnkonventionen \u00e4r lag i Sverige och p\u00e5 Granviks f\u00f6rskola arbetar vi st\u00e4ndigt med att uppm\u00e4rksamma alla barns r\u00e4ttigheter.\u00a0Detta g\u00f6r vi genom: barnr\u00e5d, trygghetsvandringar samt\u00a0genom att lyssna in barnens fr\u00e5gor och intressen i den dagliga undervisningen. P\u00e5 Granviks f\u00f6rskola arbetar vi aktivt och systematiskt med j\u00e4mst\u00e4lldhet och likabehandling. Dessa fr\u00e5gor \u00e4r st\u00e4ndigt aktuella och synligg\u00f6rs genom&hellip; <a class=\"more-link\" href=\"https:\/\/www.granviksforskola.se\/?page_id=1509\">Continue reading <span class=\"screen-reader-text\">Alla barns r\u00e4tt<\/span><\/a><\/p>\n","protected":false},"author":1,"featured_media":0,"parent":0,"menu_order":0,"comment_status":"closed","ping_status":"closed","template":"","meta":{"footnotes":""},"class_list":["post-1509","page","type-page","status-publish","hentry","entry"],"_links":{"self":[{"href":"https:\/\/www.granviksforskola.se\/index.php?rest_route=\/wp\/v2\/pages\/1509"}],"collection":[{"href":"https:\/\/www.granviksforskola.se\/index.php?rest_route=\/wp\/v2\/pages"}],"about":[{"href":"https:\/\/www.granviksforskola.se\/index.php?rest_route=\/wp\/v2\/types\/page"}],"author":[{"embeddable":true,"href":"https:\/\/www.granviksforskola.se\/index.php?rest_route=\/wp\/v2\/users\/1"}],"replies":[{"embeddable":true,"href":"https:\/\/www.granviksforskola.se\/index.php?rest_route=%2Fwp%2Fv2%2Fcomments&post=1509"}],"version-history":[{"count":1,"href":"https:\/\/www.granviksforskola.se\/index.php?rest_route=\/wp\/v2\/pages\/1509\/revisions"}],"predecessor-version":[{"id":1511,"href":"https:\/\/www.granviksforskola.se\/index.php?rest_route=\/wp\/v2\/pages\/1509\/revisions\/1511"}],"wp:attachment":[{"href":"https:\/\/www.granviksforskola.se\/index.php?rest_route=%2Fwp%2Fv2%2Fmedia&parent=1509"}],"curies":[{"name":"wp","href":"https:\/\/api.w.org\/{rel}","templated":true}]}}