{"id":166,"date":"2010-12-26T22:29:29","date_gmt":"2010-12-26T21:29:29","guid":{"rendered":"http:\/\/www.granviksforskola.se\/?page_id=166"},"modified":"2025-12-17T15:33:12","modified_gmt":"2025-12-17T14:33:12","slug":"likabehandlingsplan","status":"publish","type":"page","link":"https:\/\/www.granviksforskola.se\/?page_id=166","title":{"rendered":"Normer och v\u00e4rden"},"content":{"rendered":"<p>P\u00e5 Granviks F\u00f6rskola ska ingen uppleva sig utsatt f\u00f6r n\u00e5gon form av diskriminering eller kr\u00e4nkande behandling. H\u00e4r jobbar vi aktivt f\u00f6r att alla ska k\u00e4nna sig trygga, bli respekterade och k\u00e4nna att alla har lika v\u00e4rde.<\/p>\n<p>Gemensamt f\u00f6r all kr\u00e4nkande behandling \u00e4r att den strider mot principen om alla m\u00e4nniskors lika v\u00e4rde. Kr\u00e4nkningar \u00e4r ofta ett uttryck f\u00f6r makt och f\u00f6rtryck. En viktig utg\u00e5ngspunkt \u00e4r att den enskildes upplevelse av kr\u00e4nkning alltid m\u00e5ste tas p\u00e5 allvar.<\/p>\n<p>P\u00e5 Granviks f\u00f6rskola jobbar vi aktivt och systematiskt med j\u00e4mst\u00e4lldhet och likabehandling. I v\u00e5r <a href=\"https:\/\/www.granviksforskola.se\/wp-content\/uploads\/2025\/12\/Jamstalldhetsplan-for-Granviks-forskola-2025-2026.docx\">j\u00e4mst\u00e4lldhetsplan<\/a> och i v\u00e5r <a href=\"https:\/\/www.granviksforskola.se\/wp-content\/uploads\/2025\/12\/Plan-mot-krankande-behandling-Granviks-forskola-lasaret-2025-2026-2025-06-27.pdf\">likabehandlingsplan<\/a> g\u00e5r det att l\u00e4sa om hur vi konkret arbetar. Dessa fr\u00e5gor \u00e4r st\u00e4ndigt aktuella och synligg\u00f6rs genom v\u00e5ra egenutformade styrdokument samt genom v\u00e5ra planerings- och dokumentationsmallar.<br \/>F\u00f6rskolan har en genuspedagog som regelbundet h\u00e5ller i vidareutbildningar inom fr\u00e5gor som r\u00f6r j\u00e4mst\u00e4lldhet, genus, normkritik och likabehandling.<\/p>\n<h6>\u00a0<\/h6>\n<p><a href=\"https:\/\/www.granviksforskola.se\/wp-content\/uploads\/2022\/08\/IMG_0003.jpg\" data-ob=\"lightbox[166]\"><img loading=\"lazy\" decoding=\"async\" class=\"alignright size-thumbnail wp-image-1202\" src=\"https:\/\/www.granviksforskola.se\/wp-content\/uploads\/2022\/08\/IMG_0003.jpg\" alt=\"\" width=\"1\" height=\"1\" \/><\/a><\/p>\n\n\n<figure class=\"wp-block-gallery has-nested-images columns-default is-cropped wp-block-gallery-1 is-layout-flex wp-block-gallery-is-layout-flex\">\n<figure class=\"wp-block-image size-large is-style-rounded\"><a href=\"https:\/\/www.granviksforskola.se\/wp-content\/uploads\/2024\/09\/dino-scaled.jpg\" data-ob=\"lightbox[166]\"><img loading=\"lazy\" decoding=\"async\" width=\"1024\" height=\"683\" data-id=\"1442\" src=\"https:\/\/www.granviksforskola.se\/wp-content\/uploads\/2024\/09\/dino-1024x683.jpg\" alt=\"\" class=\"wp-image-1442\" srcset=\"https:\/\/www.granviksforskola.se\/wp-content\/uploads\/2024\/09\/dino-1024x683.jpg 1024w, https:\/\/www.granviksforskola.se\/wp-content\/uploads\/2024\/09\/dino-300x200.jpg 300w, https:\/\/www.granviksforskola.se\/wp-content\/uploads\/2024\/09\/dino-768x512.jpg 768w, https:\/\/www.granviksforskola.se\/wp-content\/uploads\/2024\/09\/dino-1536x1024.jpg 1536w, https:\/\/www.granviksforskola.se\/wp-content\/uploads\/2024\/09\/dino-2048x1365.jpg 2048w, https:\/\/www.granviksforskola.se\/wp-content\/uploads\/2024\/09\/dino-1568x1045.jpg 1568w\" sizes=\"(max-width: 1024px) 100vw, 1024px\" \/><\/a><\/figure>\n\n\n\n<figure class=\"wp-block-image size-large is-style-rounded\"><a href=\"https:\/\/www.granviksforskola.se\/wp-content\/uploads\/2024\/09\/vimplar-scaled.jpg\" data-ob=\"lightbox[166]\"><img loading=\"lazy\" decoding=\"async\" width=\"1024\" height=\"683\" data-id=\"1448\" src=\"https:\/\/www.granviksforskola.se\/wp-content\/uploads\/2024\/09\/vimplar-1024x683.jpg\" alt=\"\" class=\"wp-image-1448\" srcset=\"https:\/\/www.granviksforskola.se\/wp-content\/uploads\/2024\/09\/vimplar-1024x683.jpg 1024w, https:\/\/www.granviksforskola.se\/wp-content\/uploads\/2024\/09\/vimplar-300x200.jpg 300w, https:\/\/www.granviksforskola.se\/wp-content\/uploads\/2024\/09\/vimplar-768x512.jpg 768w, https:\/\/www.granviksforskola.se\/wp-content\/uploads\/2024\/09\/vimplar-1536x1024.jpg 1536w, https:\/\/www.granviksforskola.se\/wp-content\/uploads\/2024\/09\/vimplar-2048x1365.jpg 2048w, https:\/\/www.granviksforskola.se\/wp-content\/uploads\/2024\/09\/vimplar-1568x1045.jpg 1568w\" sizes=\"(max-width: 1024px) 100vw, 1024px\" \/><\/a><\/figure>\n<\/figure>\n","protected":false},"excerpt":{"rendered":"<p>P\u00e5 Granviks F\u00f6rskola ska ingen uppleva sig utsatt f\u00f6r n\u00e5gon form av diskriminering eller kr\u00e4nkande behandling. H\u00e4r jobbar vi aktivt f\u00f6r att alla ska k\u00e4nna sig trygga, bli respekterade och k\u00e4nna att alla har lika v\u00e4rde. Gemensamt f\u00f6r all kr\u00e4nkande behandling \u00e4r att den strider mot principen om alla m\u00e4nniskors lika v\u00e4rde. Kr\u00e4nkningar \u00e4r ofta&hellip; <a class=\"more-link\" href=\"https:\/\/www.granviksforskola.se\/?page_id=166\">Continue reading <span class=\"screen-reader-text\">Normer och v\u00e4rden<\/span><\/a><\/p>\n","protected":false},"author":1,"featured_media":0,"parent":51,"menu_order":0,"comment_status":"closed","ping_status":"open","template":"","meta":{"footnotes":""},"class_list":["post-166","page","type-page","status-publish","hentry","entry"],"_links":{"self":[{"href":"https:\/\/www.granviksforskola.se\/index.php?rest_route=\/wp\/v2\/pages\/166"}],"collection":[{"href":"https:\/\/www.granviksforskola.se\/index.php?rest_route=\/wp\/v2\/pages"}],"about":[{"href":"https:\/\/www.granviksforskola.se\/index.php?rest_route=\/wp\/v2\/types\/page"}],"author":[{"embeddable":true,"href":"https:\/\/www.granviksforskola.se\/index.php?rest_route=\/wp\/v2\/users\/1"}],"replies":[{"embeddable":true,"href":"https:\/\/www.granviksforskola.se\/index.php?rest_route=%2Fwp%2Fv2%2Fcomments&post=166"}],"version-history":[{"count":36,"href":"https:\/\/www.granviksforskola.se\/index.php?rest_route=\/wp\/v2\/pages\/166\/revisions"}],"predecessor-version":[{"id":1552,"href":"https:\/\/www.granviksforskola.se\/index.php?rest_route=\/wp\/v2\/pages\/166\/revisions\/1552"}],"up":[{"embeddable":true,"href":"https:\/\/www.granviksforskola.se\/index.php?rest_route=\/wp\/v2\/pages\/51"}],"wp:attachment":[{"href":"https:\/\/www.granviksforskola.se\/index.php?rest_route=%2Fwp%2Fv2%2Fmedia&parent=166"}],"curies":[{"name":"wp","href":"https:\/\/api.w.org\/{rel}","templated":true}]}}