{"id":323,"date":"2016-02-04T06:05:48","date_gmt":"2016-02-04T05:05:48","guid":{"rendered":"http:\/\/www.granviksforskola.se\/?page_id=323"},"modified":"2024-09-30T14:15:43","modified_gmt":"2024-09-30T13:15:43","slug":"kontakt","status":"publish","type":"page","link":"https:\/\/www.granviksforskola.se\/?page_id=323","title":{"rendered":"Kontakt"},"content":{"rendered":"<p><iframe loading=\"lazy\" style=\"border: 0;\" src=\"https:\/\/www.google.com\/maps\/embed?pb=!1m18!1m12!1m3!1d2680.1243436788377!2d12.971149615996646!3d55.420894725008644!2m3!1f0!2f0!3f0!3m2!1i1024!2i768!4f13.1!3m3!1m2!1s0x46530c8142390d5b%3A0x67c192e5bc3420e!2sPersonalkooperativet+Granviks+f%C3%B6rskola+ek+f%C3%B6r!5e1!3m2!1ssv!2sse!4v1465639908018\" width=\"800\" height=\"600\" frameborder=\"0\" allowfullscreen=\"allowfullscreen\"><\/iframe><\/p>\n<h5><strong>Adress:<br \/>\nGranviks F\u00f6rskola<\/strong><br \/>\n<strong>Granviksv\u00e4gen 30<\/strong><br \/>\n<strong>236 32 H\u00f6llviken<\/strong><\/h5>\n<p><b>Rektor<\/b> Christina Karlmander<br \/>\nTel: <a href=\"tel:040457650\">040-45 76 50<\/a><br \/>\nMail: christina.karlmander@granviksforskola.se<br \/>\n<a href=\"mailto:info@granviksforskola.se\">info@granviksforskola.se<\/a><\/p>\n<p><strong>Kontor <\/strong>Eva Jacobson<br \/>\nTel: <a href=\"tel:040457650\">040-45 76 50<\/a><br \/>\nMail: <a href=\"mailto:info@granviksforskola.se\">info@granviksforskola.se<\/a><\/p>\n<p><strong>K\u00f6ket<\/strong><br \/>\nTel: 073-5206507<\/p>\n<h3>Avdelningar:<\/h3>\n<p><strong>Tussilagon<br \/>\n<\/strong>Tel: \u00a0<a href=\"tel:0704570921\">0704-57 09 21<\/a><br \/>\nMail: tussilagon@granviksforskola.se<\/p>\n<p><strong>Solrosen<\/strong><br \/>\nTel: <a href=\"tel:0704570393\">0704-57 03 93<\/a><br \/>\nMail: Solrosen@granviksforskola.se<\/p>\n<p><strong>Bl\u00e5klockan<\/strong><br \/>\nTel: <a href=\"tel:0704570551\">0704-57 05 51<\/a><br \/>\nMail: Bl\u00e5klockan@granviksforskola.se<\/p>\n<p><strong>Vallmon<br \/>\n<\/strong>Tel:\u00a0<a href=\"tel:0704573170\">0704-57 31 70<\/a><br \/>\nMail: Vallmon@granviksforskola.se<\/p>\n<p><strong>Pr\u00e4stkragen<\/strong><br \/>\nTel: <a href=\"tel:0704570460\">0704-57 04 60<\/a><br \/>\nMail: Pr\u00e4stkragen@granviksforskola.se<\/p>\n<p>\u00d6nskar du\u00a0bes\u00f6ka f\u00f6rskolan kontakta oss via mail eller ring kontoret\u00a0f\u00f6r tidsbokning.<\/p>\n","protected":false},"excerpt":{"rendered":"<p>Adress: Granviks F\u00f6rskola Granviksv\u00e4gen 30 236 32 H\u00f6llviken Rektor Christina Karlmander Tel: 040-45 76 50 Mail: christina.karlmander@granviksforskola.se info@granviksforskola.se Kontor Eva Jacobson Tel: 040-45 76 50 Mail: info@granviksforskola.se K\u00f6ket Tel: 073-5206507 Avdelningar: Tussilagon Tel: \u00a00704-57 09 21 Mail: tussilagon@granviksforskola.se Solrosen Tel: 0704-57 03 93 Mail: Solrosen@granviksforskola.se Bl\u00e5klockan Tel: 0704-57 05 51 Mail: Bl\u00e5klockan@granviksforskola.se Vallmon Tel:\u00a00704-57 31&hellip; <a class=\"more-link\" href=\"https:\/\/www.granviksforskola.se\/?page_id=323\">Continue reading <span class=\"screen-reader-text\">Kontakt<\/span><\/a><\/p>\n","protected":false},"author":1,"featured_media":0,"parent":0,"menu_order":0,"comment_status":"closed","ping_status":"closed","template":"","meta":{"footnotes":""},"class_list":["post-323","page","type-page","status-publish","hentry","entry"],"_links":{"self":[{"href":"https:\/\/www.granviksforskola.se\/index.php?rest_route=\/wp\/v2\/pages\/323"}],"collection":[{"href":"https:\/\/www.granviksforskola.se\/index.php?rest_route=\/wp\/v2\/pages"}],"about":[{"href":"https:\/\/www.granviksforskola.se\/index.php?rest_route=\/wp\/v2\/types\/page"}],"author":[{"embeddable":true,"href":"https:\/\/www.granviksforskola.se\/index.php?rest_route=\/wp\/v2\/users\/1"}],"replies":[{"embeddable":true,"href":"https:\/\/www.granviksforskola.se\/index.php?rest_route=%2Fwp%2Fv2%2Fcomments&post=323"}],"version-history":[{"count":19,"href":"https:\/\/www.granviksforskola.se\/index.php?rest_route=\/wp\/v2\/pages\/323\/revisions"}],"predecessor-version":[{"id":1525,"href":"https:\/\/www.granviksforskola.se\/index.php?rest_route=\/wp\/v2\/pages\/323\/revisions\/1525"}],"wp:attachment":[{"href":"https:\/\/www.granviksforskola.se\/index.php?rest_route=%2Fwp%2Fv2%2Fmedia&parent=323"}],"curies":[{"name":"wp","href":"https:\/\/api.w.org\/{rel}","templated":true}]}}