{"id":421,"date":"2011-04-04T12:29:53","date_gmt":"2011-04-04T11:29:53","guid":{"rendered":"http:\/\/www.granviksforskola.se\/?page_id=421"},"modified":"2024-09-02T14:13:07","modified_gmt":"2024-09-02T13:13:07","slug":"jobba-hos-oss","status":"publish","type":"page","link":"https:\/\/www.granviksforskola.se\/?page_id=421","title":{"rendered":"Jobba hos oss"},"content":{"rendered":"<p>Kontakta oss g\u00e4rna om du vill jobba som timvikarie i v\u00e5ra barngrupper.<\/p>\n<p>\u00c4r du f\u00f6rskolel\u00e4rare f\u00e5r du g\u00e4rna skicka in ditt CV \u00e4ven n\u00e4r vi inte har n\u00e5gra lediga tj\u00e4nster ute.<\/p>\n<h6>Kontaktperson:<\/h6>\n<p><b>Rektor: Christina Karlmander<br \/>\n040-457650<\/b><\/p>\n<h6>Ans\u00f6kan<\/h6>\n<p>Vi tar \u00e4ven emot ans\u00f6kan via e-post: <a href=\"mailto:info@granviksforskola.se\">info@granviksforskola.se<\/a><\/p>\n","protected":false},"excerpt":{"rendered":"<p>Kontakta oss g\u00e4rna om du vill jobba som timvikarie i v\u00e5ra barngrupper. \u00c4r du f\u00f6rskolel\u00e4rare f\u00e5r du g\u00e4rna skicka in ditt CV \u00e4ven n\u00e4r vi inte har n\u00e5gra lediga tj\u00e4nster ute. Kontaktperson: Rektor: Christina Karlmander 040-457650 Ans\u00f6kan Vi tar \u00e4ven emot ans\u00f6kan via e-post: info@granviksforskola.se<\/p>\n","protected":false},"author":1,"featured_media":0,"parent":0,"menu_order":0,"comment_status":"closed","ping_status":"open","template":"","meta":{"footnotes":""},"class_list":["post-421","page","type-page","status-publish","hentry","entry"],"_links":{"self":[{"href":"https:\/\/www.granviksforskola.se\/index.php?rest_route=\/wp\/v2\/pages\/421"}],"collection":[{"href":"https:\/\/www.granviksforskola.se\/index.php?rest_route=\/wp\/v2\/pages"}],"about":[{"href":"https:\/\/www.granviksforskola.se\/index.php?rest_route=\/wp\/v2\/types\/page"}],"author":[{"embeddable":true,"href":"https:\/\/www.granviksforskola.se\/index.php?rest_route=\/wp\/v2\/users\/1"}],"replies":[{"embeddable":true,"href":"https:\/\/www.granviksforskola.se\/index.php?rest_route=%2Fwp%2Fv2%2Fcomments&post=421"}],"version-history":[{"count":50,"href":"https:\/\/www.granviksforskola.se\/index.php?rest_route=\/wp\/v2\/pages\/421\/revisions"}],"predecessor-version":[{"id":1364,"href":"https:\/\/www.granviksforskola.se\/index.php?rest_route=\/wp\/v2\/pages\/421\/revisions\/1364"}],"wp:attachment":[{"href":"https:\/\/www.granviksforskola.se\/index.php?rest_route=%2Fwp%2Fv2%2Fmedia&parent=421"}],"curies":[{"name":"wp","href":"https:\/\/api.w.org\/{rel}","templated":true}]}}