{"id":51,"date":"2010-11-30T14:58:36","date_gmt":"2010-11-30T13:58:36","guid":{"rendered":"http:\/\/www.granviksforskola.se\/?page_id=51"},"modified":"2024-09-06T13:27:56","modified_gmt":"2024-09-06T12:27:56","slug":"fast-logga","status":"publish","type":"page","link":"https:\/\/www.granviksforskola.se\/","title":{"rendered":"Granviks F\u00f6rskola"},"content":{"rendered":"<p style=\"text-align: center;\">V\u00e4lkommen till en familj\u00e4r och omt\u00e4nksam f\u00f6rskola!<br \/>Granviks f\u00f6rskola \u00e4r en frist\u00e5ende f\u00f6rskola i H\u00f6llviken. <br \/>Vi har fem avdelningar med \u00e5ldersblandade grupper, d\u00e4r syskon kan g\u00e5 tillsammans, sm\u00e5 och stora l\u00e4ra av varandra och d\u00e4r barnen f\u00e5r trygghet av att stanna p\u00e5 samma avdelning hela sin f\u00f6rskoletid. <br \/>F\u00f6r de \u00e4ldre barnen har vi \u00e5ldershomogena tv\u00e4rgrupper med skolf\u00f6rberedande undervisning. Varje avdelning har 18-20 barn och tre pedagoger.<br \/>V\u00e5ra \u00f6ppettider \u00e4r m\u00e5ndag till fredag: 6.30-17.30<\/p>\n\n\n<figure class=\"wp-block-gallery has-nested-images columns-default is-cropped wp-block-gallery-1 is-layout-flex wp-block-gallery-is-layout-flex\">\n<figure class=\"wp-block-image size-large is-style-rounded\"><a href=\"https:\/\/www.granviksforskola.se\/wp-content\/uploads\/2024\/09\/sittandebarn-scaled.jpg\" data-ob=\"lightbox[51]\"><img loading=\"lazy\" decoding=\"async\" width=\"1024\" height=\"683\" data-id=\"1434\" src=\"https:\/\/www.granviksforskola.se\/wp-content\/uploads\/2024\/09\/sittandebarn-1024x683.jpg\" alt=\"\" class=\"wp-image-1434\" srcset=\"https:\/\/www.granviksforskola.se\/wp-content\/uploads\/2024\/09\/sittandebarn-1024x683.jpg 1024w, https:\/\/www.granviksforskola.se\/wp-content\/uploads\/2024\/09\/sittandebarn-300x200.jpg 300w, https:\/\/www.granviksforskola.se\/wp-content\/uploads\/2024\/09\/sittandebarn-768x512.jpg 768w, https:\/\/www.granviksforskola.se\/wp-content\/uploads\/2024\/09\/sittandebarn-1536x1024.jpg 1536w, https:\/\/www.granviksforskola.se\/wp-content\/uploads\/2024\/09\/sittandebarn-2048x1365.jpg 2048w, https:\/\/www.granviksforskola.se\/wp-content\/uploads\/2024\/09\/sittandebarn-1568x1045.jpg 1568w\" sizes=\"(max-width: 1024px) 100vw, 1024px\" \/><\/a><\/figure>\n<\/figure>\n","protected":false},"excerpt":{"rendered":"<p>V\u00e4lkommen till en familj\u00e4r och omt\u00e4nksam f\u00f6rskola!Granviks f\u00f6rskola \u00e4r en frist\u00e5ende f\u00f6rskola i H\u00f6llviken. Vi har fem avdelningar med \u00e5ldersblandade grupper, d\u00e4r syskon kan g\u00e5 tillsammans, sm\u00e5 och stora l\u00e4ra av varandra och d\u00e4r barnen f\u00e5r trygghet av att stanna p\u00e5 samma avdelning hela sin f\u00f6rskoletid. F\u00f6r de \u00e4ldre barnen har vi \u00e5ldershomogena tv\u00e4rgrupper med&hellip; <a class=\"more-link\" href=\"https:\/\/www.granviksforskola.se\/\">Continue reading <span class=\"screen-reader-text\">Granviks F\u00f6rskola<\/span><\/a><\/p>\n","protected":false},"author":1,"featured_media":1447,"parent":0,"menu_order":0,"comment_status":"closed","ping_status":"closed","template":"","meta":{"footnotes":""},"class_list":["post-51","page","type-page","status-publish","has-post-thumbnail","hentry","entry"],"_links":{"self":[{"href":"https:\/\/www.granviksforskola.se\/index.php?rest_route=\/wp\/v2\/pages\/51"}],"collection":[{"href":"https:\/\/www.granviksforskola.se\/index.php?rest_route=\/wp\/v2\/pages"}],"about":[{"href":"https:\/\/www.granviksforskola.se\/index.php?rest_route=\/wp\/v2\/types\/page"}],"author":[{"embeddable":true,"href":"https:\/\/www.granviksforskola.se\/index.php?rest_route=\/wp\/v2\/users\/1"}],"replies":[{"embeddable":true,"href":"https:\/\/www.granviksforskola.se\/index.php?rest_route=%2Fwp%2Fv2%2Fcomments&post=51"}],"version-history":[{"count":52,"href":"https:\/\/www.granviksforskola.se\/index.php?rest_route=\/wp\/v2\/pages\/51\/revisions"}],"predecessor-version":[{"id":1502,"href":"https:\/\/www.granviksforskola.se\/index.php?rest_route=\/wp\/v2\/pages\/51\/revisions\/1502"}],"wp:featuredmedia":[{"embeddable":true,"href":"https:\/\/www.granviksforskola.se\/index.php?rest_route=\/wp\/v2\/media\/1447"}],"wp:attachment":[{"href":"https:\/\/www.granviksforskola.se\/index.php?rest_route=%2Fwp%2Fv2%2Fmedia&parent=51"}],"curies":[{"name":"wp","href":"https:\/\/api.w.org\/{rel}","templated":true}]}}