{"id":850,"date":"2014-03-14T10:34:19","date_gmt":"2014-03-14T09:34:19","guid":{"rendered":"http:\/\/www.granviksforskola.se\/?page_id=850"},"modified":"2019-09-20T10:53:22","modified_gmt":"2019-09-20T09:53:22","slug":"systematiskt-kvalitetsarbete","status":"publish","type":"page","link":"https:\/\/www.granviksforskola.se\/?page_id=850","title":{"rendered":"Systematiskt kvalitetsarbete"},"content":{"rendered":"<p>P\u00e5 Granviks F\u00f6rskola arbetar vi med systematiskt kvalitetsarbete. \u00a0Syftet med detta\u00a0\u00e4r att identifiera de f\u00f6ruts\u00e4ttningar som \u00e4r n\u00f6dv\u00e4ndiga f\u00f6r arbetet mot l\u00e4roplansm\u00e5len, att utveckla pedagogiska processer, att bed\u00f6ma m\u00e5luppfyllelse och redovisa kvalitetsarbetet p\u00e5 ett s\u00e5dant s\u00e4tt att det utg\u00f6r underlag f\u00f6r kvalitetsutveckling.<\/p>\n<h6>Styrdokument<\/h6>\n<p>F\u00f6rskolans verksamhet vilar fr\u00e4mst p\u00e5 tv\u00e5 nationella styrdokument:<\/p>\n<p><a href=\"https:\/\/www.skolverket.se\/regelverk\/skollagen-och-andralagar\" target=\"_blank\" rel=\"noopener noreferrer\"><em>Skollagen<\/em><\/a><\/p>\n<blockquote><p>Utbildningen ska vila p\u00e5 vetenskaplig grund och bepr\u00f6vad erfarenhet (kap. 1 \u00a75)<br \/>\nVerksamheten ska systematiskt och kontinuerligt planera, f\u00f6lja upp och utveckla utbildningen (kap. 4 \u00a73-4)<br \/>\nBarn och deras v\u00e5rdnadshavare ska ges m\u00f6jlighet att delta i arbetet (kap. 4 \u00a79,12)<\/p><\/blockquote>\n<p><a href=\"https:\/\/www.skolverket.se\/undervisning\/forskolan\/laroplan-for-forskolan\/laroplan-lpfo-18-for-forskolan\">L\u00e4roplan f\u00f6r f\u00f6rskolan<\/a><\/p>\n<blockquote><p>Var och en som verkar i f\u00f6rskolan ska fr\u00e4mja aktning f\u00f6r varje m\u00e4nniskas egenv\u00e4rde och verka f\u00f6r en h\u00e5llbar utveckling.<br \/>\nUtbildningen ska genomf\u00f6ras i demokratiska former.<br \/>\nUtbildningen i f\u00f6rskolan ska l\u00e4gga grunden f\u00f6r ett livsl\u00e5ngt l\u00e4rande. Den ska vara rolig, trygg och l\u00e4rorik f\u00f6r alla barn.<\/p><\/blockquote>\n<p>Utifr\u00e5n dessa styrdokument ska vi f\u00f6rh\u00e5lla oss n\u00e4r vi planerar och genomf\u00f6r verksamheten p\u00e5 Granviks f\u00f6rskola.<\/p>\n<p>Kvalitetsarbete handlar om att \u00e4ga, s\u00e4kra och st\u00e4ndigt f\u00f6rb\u00e4ttra processer genom att klarg\u00f6ra, vad som ska g\u00f6ras, hur och n\u00e4r samt var ansvaret ligger. En f\u00f6ruts\u00e4ttning f\u00f6r ett lyckat kvalitetsarbete \u00e4r ett gemensamt engagemang och allas delaktighet.<\/p>\n<p>Uppdraget att systematiskt kvalitetsutveckla f\u00f6rskolan ska ses utifr\u00e5n dessa perspektiv:<\/p>\n<ul>\n<li>Vad \u00e4r kvalitet?<\/li>\n<li>Vilka kunskaper ska barnen er\u00f6vra?<\/li>\n<li>Hur l\u00e4r barn?<\/li>\n<li>Hur planerar och genomf\u00f6r vi verksamheten?<\/li>\n<li>Vad dokumenterar vi?<\/li>\n<li>Hur utv\u00e4rderar vi verksamheten?<\/li>\n<li>Hur utvecklar vi verksamheten?<\/li>\n<\/ul>\n<p>Granviks f\u00f6rskola arbetar med systematiskt kvalitetsarbete enligt en framtagen modell.<\/p>\n<h6>Vad \u00e4r kvalitet?<\/h6>\n<p>D\u00e5 l\u00e4roplanen styrs av str\u00e4vansm\u00e5l, men inte detaljstyr hur vi ska n\u00e5 dessa m\u00e5l \u00e4r friheten, men ocks\u00e5 ansvaret f\u00f6r hur vi arbetar i f\u00f6rskolan stort.<br \/>\nAtt best\u00e4mma vad som \u00e4r god kvalitet \u00e4r sv\u00e5rt d\u00e5 kvalitet betyder olika f\u00f6r alla ber\u00f6rda parter. Att se kvalitetsutveckling inom f\u00f6rskolan som en process d\u00e4r vi skapar mening f\u00f6r barnen, d\u00e4r f\u00f6rst\u00e5elsen f\u00f6r uppdraget r\u00e5der hos personalen, och d\u00e4r bed\u00f6mningen sker utifr\u00e5n verksamhetens arbete tillsammans med personal, barn och v\u00e5rdnadshavare kan d\u00e5 ses som ett grundl\u00e4ggande demokratiskt resonemang.<br \/>\nKvalitetsarbete f\u00e5r d\u00e5 tolkas som en st\u00e4ndig p\u00e5g\u00e5ende process. Det \u00e4r i resonemanget om \u201dhur det vi har gjort nu, har gjort skillnad, mot vad vi gjort tidigare\u201d som en utveckling sker.<\/p>\n<h6><\/h6>\n<h6>Hur l\u00e4r barn?<\/h6>\n<p>Barn \u00e4r kompetenta och nyfikna, och l\u00e4r sig hela tiden och i alla situationer. F\u00f6rskolans uppdrag att vara meningsskapande f\u00f6r barnen utg\u00e5r ifr\u00e5n en barnsyn som bygger p\u00e5:<\/p>\n<ul>\n<li>Jag kan &#8211; tilltro till sig sj\u00e4lv<\/li>\n<li>Jag vill &#8211; nyfikenhet<\/li>\n<li>Jag v\u00e5gar &#8211; vill utmanas<\/li>\n<\/ul>\n<p>Uppdraget \u00e4r att utg\u00e5 fr\u00e5n barnens perspektiv, erfarenhetsv\u00e4rld och intresse.\u00a0Pedagogens uppgift \u00e4r d\u00e5 att:<\/p>\n<ul>\n<li>rikta barnens medvetande (tankar, intresse) mot det de f\u00f6rv\u00e4ntas utveckla en f\u00f6rst\u00e5else f\u00f6r<\/li>\n<li>skapa situationer och milj\u00f6er d\u00e4r barnen kan utveckla och reflektera \u00f6ver sitt l\u00e4rande<\/li>\n<li>ha tilltro till barnets f\u00f6rm\u00e5ga och vilja att skapa f\u00f6rst\u00e5else f\u00f6r sin omv\u00e4rld<\/li>\n<\/ul>\n<p>Kvalitativ interaktion mellan pedagoger och barn, d\u00e4r barnen f\u00e5r tillf\u00e4lle att engagera sig djupt i meningsfulla aktiviteter \u00e4r en viktig faktor f\u00f6r l\u00e4rande.\u00a0Barns l\u00e4rande \u00e4r relationellt, det vill s\u00e4ga att de l\u00e4r i interaktion och kommunikation med omv\u00e4rlden. Att ge barnen frihet och m\u00f6jlighet att agera tillsammans med varandra, i en till\u00e5tande milj\u00f6 \u00e4r grunden f\u00f6r lekfullt l\u00e4rande.<\/p>\n<h6>Hur dokumenterar vi?<\/h6>\n<p>Pedagogisk dokumentation \u00e4r det redskap som anv\u00e4nds f\u00f6r att f\u00e5nga processerna p\u00e5 f\u00f6rskolan. I denna dokumentation f\u00f6ljer vi barnens meningsskapande genom exempelvis fotografier, videofilm, nedskrivna h\u00e4ndelser och processer. Dokumentationen ska tj\u00e4na till att synligg\u00f6ra barns f\u00f6rm\u00e5gor, tankar, intressen och kunskapande. Dokumentationen blir f\u00f6rem\u00e5l f\u00f6r reflektioner, utifr\u00e5n uppsatta m\u00e5l b\u00e5de p\u00e5 individ- och verksamhetsniv\u00e5. Dokumentationens syfte \u00e4r ocks\u00e5 att kontinuerligt utg\u00f6ra underlag f\u00f6r de \u00e5terkommande diskussionerna i arbetslaget f\u00f6r hur verksamheten under l\u00e4s\u00e5ret ska planeras vidare. Den \u00e4r ett levande material som hela tiden ska tj\u00e4na som syfte att f\u00e5 syn p\u00e5 var vi \u00e4r, hur vi g\u00f6r och hur det blev. P\u00e5 s\u00e5 s\u00e4tt tj\u00e4nar dokumentationen som underlag vid utv\u00e4rdering och utveckling av verksamheten.\u00a0 Vi anv\u00e4nder oss av v\u00e5rt gemensamma dokumentations-material, som f\u00f6ljer l\u00e4roplanens intentioner.<\/p>\n<p>Vi har valt att g\u00f6ra v\u00e5r dokumentation i <a href=\"http:\/\/www.caperio.se\/skolpartner\/forskoleappen\/\">f\u00f6rskoleappen<\/a>. Detta underl\u00e4ttar f\u00f6r f\u00f6r\u00e4ldrar att f\u00f6lja sitt barns utveckling och l\u00e4rande.<\/p>\n<h6>Hur utv\u00e4rderar vi verksamheten?<\/h6>\n<p>Att utv\u00e4rdera verksamheten handlar om att f\u00f6lja upp, analysera och bed\u00f6ma hur f\u00f6rskolan arbetar i relation till l\u00e4roplanens m\u00e5l. Den ska ge en bild av hur barnens villkor f\u00f6r l\u00e4rande och utveckling m\u00f6jligg\u00f6rs i f\u00f6rskolan.<\/p>\n<p>Utv\u00e4rderingen av verksamheten sker utifr\u00e5n flera olika underlag.<\/p>\n<ul>\n<li>Arbetslagens dokumentation kring m\u00e5l, metod, genomf\u00f6rande och utv\u00e4rdering.<\/li>\n<li>Pedagogernas intentioner och kompetens utifr\u00e5n medarbetarsamtal, delaktighet i pedagogiska diskussioner och observationer<\/li>\n<li>Barnens delaktighet utifr\u00e5n barnintervjuer, delaktighet i dokumentationsarbetet, kompisregler<\/li>\n<li>F\u00f6r\u00e4ldrarnas inflytande utifr\u00e5n barnomsorgsenk\u00e4t, inskolning, f\u00f6r\u00e4ldram\u00f6ten, verksamhetsr\u00e5d, utvecklingssamtal och intervjufr\u00e5gor<\/li>\n<li>F\u00f6rskolans v\u00e4rdegrund<\/li>\n<li>Likabehandlingsplan och plan mot diskriminering och kr\u00e4nkande behandling<\/li>\n<\/ul>\n<h6>Hur utvecklar vi verksamheten?<\/h6>\n<p>Utifr\u00e5n den utv\u00e4rdering som g\u00f6rs av verksamhetens olika delar skaffar vi oss en samlad bild av hur verksamheten har bedrivits under l\u00e4s\u00e5ret. Genom att diskutera och reflektera \u00f6ver vad vi har gjort under \u00e5ret kan vi analysera var vi ska s\u00e4tta in f\u00f6rb\u00e4ttrande \u00e5tg\u00e4rder. Analysen tj\u00e4nar ocks\u00e5 som syfte att se vad vi ska s\u00e4tta fokus p\u00e5 inf\u00f6r kommande l\u00e4s\u00e5r. Att analysera l\u00e5ngsiktigt \u00e4r viktigt f\u00f6r att se vad vi ska satsa resurser p\u00e5 i framtiden.<\/p>\n<p>&nbsp;<\/p>\n<h6>\u00c5rshjul<\/h6>\n<p>F\u00f6r att f\u00e5 systematik i kvalitetsarbetet arbetar vi efter ett \u00e5rshjul. Den tydligg\u00f6r f\u00f6rskolans organisation och struktur. Genom \u00e5rshjulet \u00e5sk\u00e5dligg\u00f6r vi hur arbetet ska organiseras och p\u00e5visar vilka f\u00f6rv\u00e4ntningar som finns p\u00e5 pedagogerna och arbetslagen.<\/p>\n<h6>Ansvar<\/h6>\n<p>F\u00f6rskolechefen har det \u00f6vergripande ansvaret f\u00f6r verksamheten, och ska se till att m\u00e5len i styrdokumenten f\u00f6ljs. I ansvaret ligger att kommunicera ut uppdraget i dess helhet, ge direktiv och f\u00f6ruts\u00e4ttningar f\u00f6r att uppdraget kan genomf\u00f6ras. Var och en som arbetar p\u00e5 f\u00f6rskolan har ansvar att f\u00f6lja de direktiv som f\u00e5s, och ta del av de dokument som verksamhetens arbete vilar p\u00e5.<\/p>\n<blockquote><p>\u201dDet rika barnet \u00e4r ett barn som vill v\u00e4xa, l\u00e4ra och veta. Det \u00e4r ett barn som kan skapa sin egen kunskap. Det \u00e4r ett barn med inneboende kraft, ett barn med hundra spr\u00e5k, dvs. ett rikt barn. Detta barn beh\u00f6ver ocks\u00e5 en vuxen, men inte en vuxen som bara vill beskydda eller vara en ordningsvakt, utan en vuxen som man kan konstruera v\u00e4rlden tillsammans med. Eftersom barnet inte klarar att bygga upp allting sj\u00e4lv beh\u00f6ver den en vuxen som kan lyssna och se \u2013 en vuxen med stora \u00f6ron och stora \u00f6gon, en vuxen att f\u00f6ra dialog med, en vuxen som kan utmana tankarna och som man kan \u00f6verskrida gr\u00e4nserna med.\u201d <i>&#8211; (Loris Malaguzzi)<\/i><\/p><\/blockquote>\n<p>&nbsp;<\/p>\n","protected":false},"excerpt":{"rendered":"<p>P\u00e5 Granviks F\u00f6rskola arbetar vi med systematiskt kvalitetsarbete. \u00a0Syftet med detta\u00a0\u00e4r att identifiera de f\u00f6ruts\u00e4ttningar som \u00e4r n\u00f6dv\u00e4ndiga f\u00f6r arbetet mot l\u00e4roplansm\u00e5len, att utveckla pedagogiska processer, att bed\u00f6ma m\u00e5luppfyllelse och redovisa kvalitetsarbetet p\u00e5 ett s\u00e5dant s\u00e4tt att det utg\u00f6r underlag f\u00f6r kvalitetsutveckling. Styrdokument F\u00f6rskolans verksamhet vilar fr\u00e4mst p\u00e5 tv\u00e5 nationella styrdokument: Skollagen Utbildningen ska vila&hellip; <a class=\"more-link\" href=\"https:\/\/www.granviksforskola.se\/?page_id=850\">Continue reading <span class=\"screen-reader-text\">Systematiskt kvalitetsarbete<\/span><\/a><\/p>\n","protected":false},"author":1,"featured_media":0,"parent":51,"menu_order":0,"comment_status":"closed","ping_status":"closed","template":"","meta":{"footnotes":""},"class_list":["post-850","page","type-page","status-publish","hentry","entry"],"_links":{"self":[{"href":"https:\/\/www.granviksforskola.se\/index.php?rest_route=\/wp\/v2\/pages\/850"}],"collection":[{"href":"https:\/\/www.granviksforskola.se\/index.php?rest_route=\/wp\/v2\/pages"}],"about":[{"href":"https:\/\/www.granviksforskola.se\/index.php?rest_route=\/wp\/v2\/types\/page"}],"author":[{"embeddable":true,"href":"https:\/\/www.granviksforskola.se\/index.php?rest_route=\/wp\/v2\/users\/1"}],"replies":[{"embeddable":true,"href":"https:\/\/www.granviksforskola.se\/index.php?rest_route=%2Fwp%2Fv2%2Fcomments&post=850"}],"version-history":[{"count":14,"href":"https:\/\/www.granviksforskola.se\/index.php?rest_route=\/wp\/v2\/pages\/850\/revisions"}],"predecessor-version":[{"id":1173,"href":"https:\/\/www.granviksforskola.se\/index.php?rest_route=\/wp\/v2\/pages\/850\/revisions\/1173"}],"up":[{"embeddable":true,"href":"https:\/\/www.granviksforskola.se\/index.php?rest_route=\/wp\/v2\/pages\/51"}],"wp:attachment":[{"href":"https:\/\/www.granviksforskola.se\/index.php?rest_route=%2Fwp%2Fv2%2Fmedia&parent=850"}],"curies":[{"name":"wp","href":"https:\/\/api.w.org\/{rel}","templated":true}]}}