{"id":946,"date":"2015-04-20T17:30:53","date_gmt":"2015-04-20T16:30:53","guid":{"rendered":"http:\/\/www.granviksforskola.se\/?page_id=946"},"modified":"2024-09-06T11:54:44","modified_gmt":"2024-09-06T10:54:44","slug":"femars-verksamhet-3","status":"publish","type":"page","link":"https:\/\/www.granviksforskola.se\/?page_id=946","title":{"rendered":"Fem\u00e5rsverksamhet"},"content":{"rendered":"<p>Bj\u00f6rngruppen<br \/>Vi har namngett gruppen med f\u00f6rskolans \u00e4ldsta barn f\u00f6r\u00a0 Bj\u00f6rngruppen. De tr\u00e4ffas tv\u00e5 g\u00e5nger varje vecka.<br \/>P\u00e5 onsdagar packar de med varm mat fr\u00e5n k\u00f6ket, barnen tar p\u00e5 sig v\u00e4star och egna ryggs\u00e4ckar och s\u00e5 ger de sig iv\u00e4g ut i n\u00e4romr\u00e5det p\u00e5 olika utflykter.<br \/>Bj\u00f6rngruppen har gymnastik och motorisk tr\u00e4ning i lekhallen varje torsdag och efter\u00e5t har de \u00e5ldersadekvat undervisning som utg\u00e5r fr\u00e5n <a href=\"https:\/\/youtu.be\/3O2m0w_k168?feature=shared\">V\u00e4pplarna<\/a>. Ett material som s\u00e4rskilt riktar sig till f\u00f6rskolans \u00e4ldsta barn.<br \/>P\u00e5 h\u00f6stterminen \u00e4r det stort fokus p\u00e5 att l\u00e4ra k\u00e4nna varandra, d\u00e5 barn fr\u00e5n alla avdelningar str\u00e5lar samman. Barnen f\u00e5r ocks\u00e5 planerad undervisning med olika uppdrag, lekar, utforskande och kunskaper.<br \/>P\u00e5 vinterhalv\u00e5ret blir det m\u00e5nga studiebes\u00f6k, t.ex. p\u00e5 \u00e4ldreboenden, biblioteket, formtoppen, boxningsklubben m.m.<\/p>\n<p>\u00a0<\/p>\n\n\n<figure class=\"wp-block-gallery has-nested-images columns-default is-cropped wp-block-gallery-1 is-layout-flex wp-block-gallery-is-layout-flex\">\n<figure class=\"wp-block-image size-large is-style-rounded\"><a href=\"https:\/\/www.granviksforskola.se\/wp-content\/uploads\/2024\/09\/lekhallen-scaled.jpg\" data-ob=\"lightbox[946]\"><img loading=\"lazy\" decoding=\"async\" width=\"1024\" height=\"611\" data-id=\"1446\" src=\"https:\/\/www.granviksforskola.se\/wp-content\/uploads\/2024\/09\/lekhallen-1024x611.jpg\" alt=\"\" class=\"wp-image-1446\" srcset=\"https:\/\/www.granviksforskola.se\/wp-content\/uploads\/2024\/09\/lekhallen-1024x611.jpg 1024w, https:\/\/www.granviksforskola.se\/wp-content\/uploads\/2024\/09\/lekhallen-300x179.jpg 300w, https:\/\/www.granviksforskola.se\/wp-content\/uploads\/2024\/09\/lekhallen-768x458.jpg 768w, https:\/\/www.granviksforskola.se\/wp-content\/uploads\/2024\/09\/lekhallen-1536x916.jpg 1536w, https:\/\/www.granviksforskola.se\/wp-content\/uploads\/2024\/09\/lekhallen-2048x1222.jpg 2048w, https:\/\/www.granviksforskola.se\/wp-content\/uploads\/2024\/09\/lekhallen-1568x936.jpg 1568w\" sizes=\"(max-width: 1024px) 100vw, 1024px\" \/><\/a><\/figure>\n\n\n\n<figure class=\"wp-block-image size-large is-style-rounded\"><a href=\"https:\/\/www.granviksforskola.se\/wp-content\/uploads\/2024\/09\/fredagsspring2222-scaled.jpg\" data-ob=\"lightbox[946]\"><img loading=\"lazy\" decoding=\"async\" width=\"1024\" height=\"683\" data-id=\"1455\" src=\"https:\/\/www.granviksforskola.se\/wp-content\/uploads\/2024\/09\/fredagsspring2222-1024x683.jpg\" alt=\"\" class=\"wp-image-1455\" srcset=\"https:\/\/www.granviksforskola.se\/wp-content\/uploads\/2024\/09\/fredagsspring2222-1024x683.jpg 1024w, https:\/\/www.granviksforskola.se\/wp-content\/uploads\/2024\/09\/fredagsspring2222-300x200.jpg 300w, https:\/\/www.granviksforskola.se\/wp-content\/uploads\/2024\/09\/fredagsspring2222-768x512.jpg 768w, https:\/\/www.granviksforskola.se\/wp-content\/uploads\/2024\/09\/fredagsspring2222-1536x1024.jpg 1536w, https:\/\/www.granviksforskola.se\/wp-content\/uploads\/2024\/09\/fredagsspring2222-2048x1365.jpg 2048w, https:\/\/www.granviksforskola.se\/wp-content\/uploads\/2024\/09\/fredagsspring2222-1568x1045.jpg 1568w\" sizes=\"(max-width: 1024px) 100vw, 1024px\" \/><\/a><\/figure>\n<\/figure>\n","protected":false},"excerpt":{"rendered":"<p>Bj\u00f6rngruppenVi har namngett gruppen med f\u00f6rskolans \u00e4ldsta barn f\u00f6r\u00a0 Bj\u00f6rngruppen. De tr\u00e4ffas tv\u00e5 g\u00e5nger varje vecka.P\u00e5 onsdagar packar de med varm mat fr\u00e5n k\u00f6ket, barnen tar p\u00e5 sig v\u00e4star och egna ryggs\u00e4ckar och s\u00e5 ger de sig iv\u00e4g ut i n\u00e4romr\u00e5det p\u00e5 olika utflykter.Bj\u00f6rngruppen har gymnastik och motorisk tr\u00e4ning i lekhallen varje torsdag och efter\u00e5t&hellip; <a class=\"more-link\" href=\"https:\/\/www.granviksforskola.se\/?page_id=946\">Continue reading <span class=\"screen-reader-text\">Fem\u00e5rsverksamhet<\/span><\/a><\/p>\n","protected":false},"author":1,"featured_media":0,"parent":51,"menu_order":0,"comment_status":"closed","ping_status":"closed","template":"","meta":{"footnotes":""},"class_list":["post-946","page","type-page","status-publish","hentry","entry"],"_links":{"self":[{"href":"https:\/\/www.granviksforskola.se\/index.php?rest_route=\/wp\/v2\/pages\/946"}],"collection":[{"href":"https:\/\/www.granviksforskola.se\/index.php?rest_route=\/wp\/v2\/pages"}],"about":[{"href":"https:\/\/www.granviksforskola.se\/index.php?rest_route=\/wp\/v2\/types\/page"}],"author":[{"embeddable":true,"href":"https:\/\/www.granviksforskola.se\/index.php?rest_route=\/wp\/v2\/users\/1"}],"replies":[{"embeddable":true,"href":"https:\/\/www.granviksforskola.se\/index.php?rest_route=%2Fwp%2Fv2%2Fcomments&post=946"}],"version-history":[{"count":15,"href":"https:\/\/www.granviksforskola.se\/index.php?rest_route=\/wp\/v2\/pages\/946\/revisions"}],"predecessor-version":[{"id":1467,"href":"https:\/\/www.granviksforskola.se\/index.php?rest_route=\/wp\/v2\/pages\/946\/revisions\/1467"}],"up":[{"embeddable":true,"href":"https:\/\/www.granviksforskola.se\/index.php?rest_route=\/wp\/v2\/pages\/51"}],"wp:attachment":[{"href":"https:\/\/www.granviksforskola.se\/index.php?rest_route=%2Fwp%2Fv2%2Fmedia&parent=946"}],"curies":[{"name":"wp","href":"https:\/\/api.w.org\/{rel}","templated":true}]}}