{"id":979,"date":"2016-06-10T19:09:19","date_gmt":"2016-06-10T18:09:19","guid":{"rendered":"http:\/\/www.granviksforskola.se\/?page_id=979"},"modified":"2024-09-06T11:59:50","modified_gmt":"2024-09-06T10:59:50","slug":"veckans-aktiviteter","status":"publish","type":"page","link":"https:\/\/www.granviksforskola.se\/?page_id=979","title":{"rendered":"Veckans aktiviteter"},"content":{"rendered":"<p><span data-contrast=\"auto\">Granviks f\u00f6rskola har \u00e5lderblandade grupper med barn 1-6 \u00e5r. F\u00f6r att s\u00e4kerst\u00e4lla att alla barn f\u00e5r m\u00f6jlighet att utvecklas p\u00e5 b\u00e4sta s\u00e4tt delas barnen in i olika grupper under dagen.<\/span><\/p>\n<p>Vi har valt att ge v\u00e5ra olika \u00e5ldersgrupper olika djurnamn f\u00f6r att enklare kunna f\u00f6rklara och samla barnen i \u00e5lderhomogena grupper. De \u00e4ldsta barnen kallas f\u00f6r Bj\u00f6rnar och de tr\u00e4ffas tv\u00e5 g\u00e5nger i veckan f\u00f6r lek, motorik, utflykt och undervisning tillsammans med hela husets <a href=\"https:\/\/www.granviksforskola.se\/?page_id=946\">Bj\u00f6rnar<\/a>. De n\u00e4st \u00e4ldsta barnen kallas f\u00f6r ekorrar och de tr\u00e4ffar resten av husets ekorrar p\u00e5 onsdagar f\u00f6r gymnastik och utflykt utanf\u00f6r g\u00e5rden p\u00e5 torsdagar. <span data-ccp-props=\"{&quot;201341983&quot;:0,&quot;335559739&quot;:160,&quot;335559740&quot;:278}\">\u00a0<\/span><\/p>\n<p><span data-contrast=\"auto\">\u00d6vriga barn \u00e4r nyckelpigor med olika f\u00e4rger f\u00f6r olika \u00e5ldersgrupper. De har sin \u00e5ldersadekvata undervisning p\u00e5 avdelningen.\u00a0<\/span><\/p>\n<p><span data-contrast=\"auto\"><strong>Veckoschema<br \/>M\u00e5ndagar<\/strong>: Barnen delas in i olika undervisningsgrupper p\u00e5 sin avdelning<\/span><span data-ccp-props=\"{&quot;201341983&quot;:0,&quot;335559739&quot;:160,&quot;335559740&quot;:278}\">\u00a0<\/span><\/p>\n<p><span data-contrast=\"auto\"><strong>Tisdagar<\/strong>: Barnen delas in i olika undervisningsgrupper p\u00e5 sin avdelning.<\/span><span data-ccp-props=\"{&quot;201341983&quot;:0,&quot;335559739&quot;:160,&quot;335559740&quot;:278}\">\u00a0<\/span><\/p>\n<p><span data-contrast=\"auto\"><strong>Onsdagar<\/strong>: Bj\u00f6rngruppen har utedag. Ekorrgruppen tr\u00e4ffas f\u00f6r motorik lek och l\u00e4rande. \u00d6vriga barn har undervisning p\u00e5 avdelningarna.<\/span><span data-ccp-props=\"{&quot;201341983&quot;:0,&quot;335559739&quot;:160,&quot;335559740&quot;:278}\">\u00a0<\/span><\/p>\n<p><span data-contrast=\"auto\"><strong>Torsdagar<\/strong>: Bj\u00f6rngruppen tr\u00e4ffas inomhus f\u00f6r gymnastik, lek och l\u00e4rande. Ekorrgruppen tr\u00e4ffas f\u00f6r undervisning utomhus. \u00d6vriga barn har undervisning p\u00e5 avdelningarna.<\/span><span data-ccp-props=\"{&quot;201341983&quot;:0,&quot;335559739&quot;:160,&quot;335559740&quot;:278}\">\u00a0<\/span><\/p>\n<p><span data-contrast=\"auto\"><strong>Fredagar:<\/strong> Aktiviteter som varierar mellan gemensamma i hela huset och avdelningsvis. Kan vara exempelvis \u201dfredagsspring\u201d, utegympa, s\u00e5ngstund, teater, disco eller n\u00e5got helt annat.<\/span><span data-ccp-props=\"{&quot;201341983&quot;:0,&quot;335559739&quot;:160,&quot;335559740&quot;:278}\">\u00a0<\/span><\/p>\n<p>\u00a0<\/p>\n\n\n<figure class=\"wp-block-gallery has-nested-images columns-default is-cropped wp-block-gallery-1 is-layout-flex wp-block-gallery-is-layout-flex\">\n<figure class=\"wp-block-image size-large is-style-rounded\"><a href=\"https:\/\/www.granviksforskola.se\/wp-content\/uploads\/2024\/09\/gungandebarn-scaled.jpg\" data-ob=\"lightbox[979]\"><img loading=\"lazy\" decoding=\"async\" width=\"898\" height=\"1024\" data-id=\"1444\" src=\"https:\/\/www.granviksforskola.se\/wp-content\/uploads\/2024\/09\/gungandebarn-898x1024.jpg\" alt=\"\" class=\"wp-image-1444\" srcset=\"https:\/\/www.granviksforskola.se\/wp-content\/uploads\/2024\/09\/gungandebarn-898x1024.jpg 898w, https:\/\/www.granviksforskola.se\/wp-content\/uploads\/2024\/09\/gungandebarn-263x300.jpg 263w, https:\/\/www.granviksforskola.se\/wp-content\/uploads\/2024\/09\/gungandebarn-768x876.jpg 768w, https:\/\/www.granviksforskola.se\/wp-content\/uploads\/2024\/09\/gungandebarn-1347x1536.jpg 1347w, https:\/\/www.granviksforskola.se\/wp-content\/uploads\/2024\/09\/gungandebarn-1796x2048.jpg 1796w, https:\/\/www.granviksforskola.se\/wp-content\/uploads\/2024\/09\/gungandebarn-1568x1788.jpg 1568w\" sizes=\"(max-width: 898px) 100vw, 898px\" \/><\/a><\/figure>\n\n\n\n<figure class=\"wp-block-image size-large is-style-rounded\"><a href=\"https:\/\/www.granviksforskola.se\/wp-content\/uploads\/2024\/09\/bildstod-scaled.jpg\" data-ob=\"lightbox[979]\"><img loading=\"lazy\" decoding=\"async\" width=\"1024\" height=\"772\" data-id=\"1439\" src=\"https:\/\/www.granviksforskola.se\/wp-content\/uploads\/2024\/09\/bildstod-1024x772.jpg\" alt=\"\" class=\"wp-image-1439\" srcset=\"https:\/\/www.granviksforskola.se\/wp-content\/uploads\/2024\/09\/bildstod-1024x772.jpg 1024w, https:\/\/www.granviksforskola.se\/wp-content\/uploads\/2024\/09\/bildstod-300x226.jpg 300w, https:\/\/www.granviksforskola.se\/wp-content\/uploads\/2024\/09\/bildstod-768x579.jpg 768w, https:\/\/www.granviksforskola.se\/wp-content\/uploads\/2024\/09\/bildstod-1536x1158.jpg 1536w, https:\/\/www.granviksforskola.se\/wp-content\/uploads\/2024\/09\/bildstod-2048x1544.jpg 2048w, https:\/\/www.granviksforskola.se\/wp-content\/uploads\/2024\/09\/bildstod-1568x1183.jpg 1568w\" sizes=\"(max-width: 1024px) 100vw, 1024px\" \/><\/a><\/figure>\n\n\n\n<figure class=\"wp-block-image size-large is-style-rounded\"><a href=\"https:\/\/www.granviksforskola.se\/wp-content\/uploads\/2024\/09\/garden-scaled.jpg\" data-ob=\"lightbox[979]\"><img loading=\"lazy\" decoding=\"async\" width=\"1024\" height=\"683\" data-id=\"1445\" src=\"https:\/\/www.granviksforskola.se\/wp-content\/uploads\/2024\/09\/garden-1024x683.jpg\" alt=\"\" class=\"wp-image-1445\" srcset=\"https:\/\/www.granviksforskola.se\/wp-content\/uploads\/2024\/09\/garden-1024x683.jpg 1024w, https:\/\/www.granviksforskola.se\/wp-content\/uploads\/2024\/09\/garden-300x200.jpg 300w, https:\/\/www.granviksforskola.se\/wp-content\/uploads\/2024\/09\/garden-768x512.jpg 768w, https:\/\/www.granviksforskola.se\/wp-content\/uploads\/2024\/09\/garden-1536x1024.jpg 1536w, https:\/\/www.granviksforskola.se\/wp-content\/uploads\/2024\/09\/garden-2048x1365.jpg 2048w, https:\/\/www.granviksforskola.se\/wp-content\/uploads\/2024\/09\/garden-1568x1045.jpg 1568w\" sizes=\"(max-width: 1024px) 100vw, 1024px\" \/><\/a><\/figure>\n<\/figure>\n","protected":false},"excerpt":{"rendered":"<p>Granviks f\u00f6rskola har \u00e5lderblandade grupper med barn 1-6 \u00e5r. F\u00f6r att s\u00e4kerst\u00e4lla att alla barn f\u00e5r m\u00f6jlighet att utvecklas p\u00e5 b\u00e4sta s\u00e4tt delas barnen in i olika grupper under dagen. Vi har valt att ge v\u00e5ra olika \u00e5ldersgrupper olika djurnamn f\u00f6r att enklare kunna f\u00f6rklara och samla barnen i \u00e5lderhomogena grupper. De \u00e4ldsta barnen kallas&hellip; <a class=\"more-link\" href=\"https:\/\/www.granviksforskola.se\/?page_id=979\">Continue reading <span class=\"screen-reader-text\">Veckans aktiviteter<\/span><\/a><\/p>\n","protected":false},"author":2,"featured_media":0,"parent":0,"menu_order":0,"comment_status":"closed","ping_status":"closed","template":"","meta":{"footnotes":""},"class_list":["post-979","page","type-page","status-publish","hentry","entry"],"_links":{"self":[{"href":"https:\/\/www.granviksforskola.se\/index.php?rest_route=\/wp\/v2\/pages\/979"}],"collection":[{"href":"https:\/\/www.granviksforskola.se\/index.php?rest_route=\/wp\/v2\/pages"}],"about":[{"href":"https:\/\/www.granviksforskola.se\/index.php?rest_route=\/wp\/v2\/types\/page"}],"author":[{"embeddable":true,"href":"https:\/\/www.granviksforskola.se\/index.php?rest_route=\/wp\/v2\/users\/2"}],"replies":[{"embeddable":true,"href":"https:\/\/www.granviksforskola.se\/index.php?rest_route=%2Fwp%2Fv2%2Fcomments&post=979"}],"version-history":[{"count":15,"href":"https:\/\/www.granviksforskola.se\/index.php?rest_route=\/wp\/v2\/pages\/979\/revisions"}],"predecessor-version":[{"id":1471,"href":"https:\/\/www.granviksforskola.se\/index.php?rest_route=\/wp\/v2\/pages\/979\/revisions\/1471"}],"wp:attachment":[{"href":"https:\/\/www.granviksforskola.se\/index.php?rest_route=%2Fwp%2Fv2%2Fmedia&parent=979"}],"curies":[{"name":"wp","href":"https:\/\/api.w.org\/{rel}","templated":true}]}}